{"id":1137,"date":"2024-02-13T11:41:31","date_gmt":"2024-02-13T10:41:31","guid":{"rendered":"https:\/\/easytexpro.com\/de\/?page_id=960"},"modified":"2025-08-29T14:30:08","modified_gmt":"2025-08-29T12:30:08","slug":"nachrichten","status":"publish","type":"page","link":"https:\/\/easytexpro.com\/de\/nachrichten\/","title":{"rendered":"Nachrichten"},"content":{"rendered":"\t\t<div data-elementor-type=\"wp-page\" data-elementor-id=\"1137\" class=\"elementor elementor-1137 elementor-28\" data-elementor-post-type=\"page\">\n\t\t\t\t<div class=\"elementor-element elementor-element-032c526 e-flex e-con-boxed e-con e-parent\" data-id=\"032c526\" data-element_type=\"container\">\n\t\t\t\t\t<div class=\"e-con-inner\">\n\t\t\t\t<div class=\"elementor-element elementor-element-d0dc335 elementor-headline--style-highlight elementor-widget elementor-widget-animated-headline\" data-id=\"d0dc335\" data-element_type=\"widget\" data-settings=\"{&quot;marker&quot;:&quot;underline_zigzag&quot;,&quot;highlighted_text&quot;:&quot;Easytex&quot;,&quot;headline_style&quot;:&quot;highlight&quot;,&quot;highlight_animation_duration&quot;:1200}\" data-widget_type=\"animated-headline.default\">\n\t\t\t\t<div class=\"elementor-widget-container\">\n\t\t\t\t\t\t\t<h3 class=\"elementor-headline\">\n\t\t\t\t\t<span class=\"elementor-headline-plain-text elementor-headline-text-wrapper\">Aktuelle Nachrichten \u00fcber<\/span>\n\t\t\t\t<span class=\"elementor-headline-dynamic-wrapper elementor-headline-text-wrapper\">\n\t\t\t\t\t<span class=\"elementor-headline-dynamic-text elementor-headline-text-active\">Easytex<\/span>\n\t\t\t\t<\/span>\n\t\t\t\t<\/h3>\n\t\t\t\t\t\t<\/div>\n\t\t\t\t<\/div>\n\t\t\t\t\t<\/div>\n\t\t\t\t<\/div>\n\t\t<div class=\"elementor-element elementor-element-feee135 e-flex e-con-boxed e-con e-parent\" data-id=\"feee135\" data-element_type=\"container\">\n\t\t\t\t\t<div class=\"e-con-inner\">\n\t\t\t\t<div class=\"elementor-element elementor-element-b50ac06 elementor-grid-3 elementor-grid-tablet-2 elementor-grid-mobile-1 elementor-posts--thumbnail-top elementor-card-shadow-yes elementor-posts__hover-gradient elementor-widget elementor-widget-posts\" data-id=\"b50ac06\" data-element_type=\"widget\" data-settings=\"{&quot;cards_columns&quot;:&quot;3&quot;,&quot;cards_columns_tablet&quot;:&quot;2&quot;,&quot;cards_columns_mobile&quot;:&quot;1&quot;,&quot;cards_row_gap&quot;:{&quot;unit&quot;:&quot;px&quot;,&quot;size&quot;:35,&quot;sizes&quot;:[]},&quot;cards_row_gap_tablet&quot;:{&quot;unit&quot;:&quot;px&quot;,&quot;size&quot;:&quot;&quot;,&quot;sizes&quot;:[]},&quot;cards_row_gap_mobile&quot;:{&quot;unit&quot;:&quot;px&quot;,&quot;size&quot;:&quot;&quot;,&quot;sizes&quot;:[]}}\" data-widget_type=\"posts.cards\">\n\t\t\t\t<div class=\"elementor-widget-container\">\n\t\t\t\t\t\t\t<div class=\"elementor-posts-container elementor-posts elementor-posts--skin-cards elementor-grid\" role=\"list\">\n\t\t\t\t<article class=\"elementor-post elementor-grid-item post-1140 post type-post status-publish format-standard has-post-thumbnail hentry category-produkt\" role=\"listitem\">\n\t\t\t<div class=\"elementor-post__card\">\n\t\t\t\t<a class=\"elementor-post__thumbnail__link\" href=\"https:\/\/easytexpro.com\/de\/2024\/08\/28\/anpassbare-produkte-ein-entscheidender-vorteil-fur-gastgewerbe-profis\/\" tabindex=\"-1\" ><div class=\"elementor-post__thumbnail\"><img fetchpriority=\"high\" decoding=\"async\" width=\"300\" height=\"300\" src=\"https:\/\/easytexpro.com\/wp-content\/uploads\/2024\/09\/image-2-300x300.jpg\" class=\"attachment-medium size-medium wp-image-988\" alt=\"\" srcset=\"https:\/\/easytexpro.com\/wp-content\/uploads\/2024\/09\/image-2-300x300.jpg 300w, https:\/\/easytexpro.com\/wp-content\/uploads\/2024\/09\/image-2-150x150.jpg 150w, https:\/\/easytexpro.com\/wp-content\/uploads\/2024\/09\/image-2-768x768.jpg 768w, https:\/\/easytexpro.com\/wp-content\/uploads\/2024\/09\/image-2.jpg 803w\" sizes=\"(max-width: 300px) 100vw, 300px\" \/><\/div><\/a>\n\t\t\t\t<div class=\"elementor-post__badge\">Produkt<\/div>\n\t\t\t\t<div class=\"elementor-post__text\">\n\t\t\t\t<h3 class=\"elementor-post__title\">\n\t\t\t<a href=\"https:\/\/easytexpro.com\/de\/2024\/08\/28\/anpassbare-produkte-ein-entscheidender-vorteil-fur-gastgewerbe-profis\/\" >\n\t\t\t\tAnpassbare Produkte: Ein entscheidender Vorteil f\u00fcr Gastgewerbe-Profis\t\t\t<\/a>\n\t\t<\/h3>\n\t\t\t\t<div class=\"elementor-post__excerpt\">\n\t\t\t<p>In der hart umk\u00e4mpften Welt des Gastgewerbes spielt jedes Detail eine entscheidende Rolle, um G\u00e4sten ein exzellentes Erlebnis zu bieten. Deshalb freuen wir uns, Ihnen<\/p>\n\t\t<\/div>\n\t\t\n\t\t<a class=\"elementor-post__read-more\" href=\"https:\/\/easytexpro.com\/de\/2024\/08\/28\/anpassbare-produkte-ein-entscheidender-vorteil-fur-gastgewerbe-profis\/\" aria-label=\"Mehr \u00fcber Anpassbare Produkte: Ein entscheidender Vorteil f\u00fcr Gastgewerbe-Profis\" tabindex=\"-1\" >\n\t\t\tWeiter lesen\t\t<\/a>\n\n\t\t\t\t<\/div>\n\t\t\t\t<div class=\"elementor-post__meta-data\">\n\t\t\t\t\t<span class=\"elementor-post-date\">\n\t\t\t28 August 2024\t\t<\/span>\n\t\t\t\t<\/div>\n\t\t\t\t\t<\/div>\n\t\t<\/article>\n\t\t\t\t<article class=\"elementor-post elementor-grid-item post-1138 post type-post status-publish format-standard has-post-thumbnail hentry category-camping\" role=\"listitem\">\n\t\t\t<div class=\"elementor-post__card\">\n\t\t\t\t<a class=\"elementor-post__thumbnail__link\" href=\"https:\/\/easytexpro.com\/de\/2024\/07\/15\/easytex-loesungen-zeit-sparen-beim-gaestewechsel\/\" tabindex=\"-1\" ><div class=\"elementor-post__thumbnail\"><img decoding=\"async\" width=\"300\" height=\"300\" data-src=\"https:\/\/easytexpro.com\/wp-content\/uploads\/2024\/09\/20240711_MH-pour-article-camping-1-1-300x300.jpg\" class=\"attachment-medium size-medium wp-image-980 lazyload\" alt=\"\" data-srcset=\"https:\/\/easytexpro.com\/wp-content\/uploads\/2024\/09\/20240711_MH-pour-article-camping-1-1-300x300.jpg 300w, https:\/\/easytexpro.com\/wp-content\/uploads\/2024\/09\/20240711_MH-pour-article-camping-1-1-1019x1024.jpg 1019w, https:\/\/easytexpro.com\/wp-content\/uploads\/2024\/09\/20240711_MH-pour-article-camping-1-1-150x150.jpg 150w, https:\/\/easytexpro.com\/wp-content\/uploads\/2024\/09\/20240711_MH-pour-article-camping-1-1-2038x2048.jpg 2038w\" data-sizes=\"(max-width: 300px) 100vw, 300px\" src=\"data:image\/svg+xml;base64,PHN2ZyB3aWR0aD0iMSIgaGVpZ2h0PSIxIiB4bWxucz0iaHR0cDovL3d3dy53My5vcmcvMjAwMC9zdmciPjwvc3ZnPg==\" style=\"--smush-placeholder-width: 300px; --smush-placeholder-aspect-ratio: 300\/300;\" \/><\/div><\/a>\n\t\t\t\t<div class=\"elementor-post__badge\">Camping<\/div>\n\t\t\t\t<div class=\"elementor-post__text\">\n\t\t\t\t<h3 class=\"elementor-post__title\">\n\t\t\t<a href=\"https:\/\/easytexpro.com\/de\/2024\/07\/15\/easytex-loesungen-zeit-sparen-beim-gaestewechsel\/\" >\n\t\t\t\tEasytex-L\u00f6sungen: Zeit sparen beim G\u00e4stewechsel\t\t\t<\/a>\n\t\t<\/h3>\n\t\t\t\t<div class=\"elementor-post__excerpt\">\n\t\t\t<p>Eine effektive Campingplatzverwaltung beruht auf dem Gleichgewicht zwischen Effizienz und G\u00e4stebefriedigung. Als Besitzer eines Campings wissen Sie, wie wichtig es ist, den Komfort Ihrer G\u00e4ste<\/p>\n\t\t<\/div>\n\t\t\n\t\t<a class=\"elementor-post__read-more\" href=\"https:\/\/easytexpro.com\/de\/2024\/07\/15\/easytex-loesungen-zeit-sparen-beim-gaestewechsel\/\" aria-label=\"Mehr \u00fcber Easytex-L\u00f6sungen: Zeit sparen beim G\u00e4stewechsel\" tabindex=\"-1\" >\n\t\t\tWeiter lesen\t\t<\/a>\n\n\t\t\t\t<\/div>\n\t\t\t\t<div class=\"elementor-post__meta-data\">\n\t\t\t\t\t<span class=\"elementor-post-date\">\n\t\t\t15 Juli 2024\t\t<\/span>\n\t\t\t\t<\/div>\n\t\t\t\t\t<\/div>\n\t\t<\/article>\n\t\t\t\t<\/div>\n\t\t\n\t\t\t\t\t\t<\/div>\n\t\t\t\t<\/div>\n\t\t\t\t\t<\/div>\n\t\t\t\t<\/div>\n\t\t<div class=\"elementor-element elementor-element-d43b88e e-flex e-con-boxed e-con e-parent\" data-id=\"d43b88e\" data-element_type=\"container\">\n\t\t\t\t\t<div class=\"e-con-inner\">\n\t\t\t\t<div class=\"elementor-element elementor-element-6a9b38b elementor-widget elementor-widget-text-editor\" data-id=\"6a9b38b\" data-element_type=\"widget\" data-widget_type=\"text-editor.default\">\n\t\t\t\t<div class=\"elementor-widget-container\">\n\t\t\t\t\t\t\t\t\t<p data-start=\"227\" data-end=\"265\"><strong data-start=\"227\" data-end=\"263\">Warum Easytex Nachrichten lesen?<\/strong><\/p><p data-start=\"267\" data-end=\"522\">Jeder Artikel in den Easytex Nachrichten bietet wertvolle, praxisnahe Einblicke f\u00fcr Fachleute in der Textildruckbranche. <strong data-start=\"388\" data-end=\"415\">Unser Ziel ist es daher<\/strong>, Wissen bereitzustellen, das Ihnen hilft, in diesem sich st\u00e4ndig wandelnden Bereich erfolgreich zu sein.<\/p><p data-start=\"524\" data-end=\"905\"><strong data-start=\"524\" data-end=\"540\">Zum Beispiel<\/strong> finden Sie bei uns detaillierte Einblicke in verschiedene Drucktechniken. <strong data-start=\"615\" data-end=\"634\">Ganz gleich, ob<\/strong> Sie Einsteiger oder Experte sind \u2013 unsere Artikel behandeln ein breites Spektrum. Vom klassischen Siebdruck bis zur modernen Sublimation erkl\u00e4ren wir die Methoden Schritt f\u00fcr Schritt. <strong data-start=\"819\" data-end=\"830\">Dadurch<\/strong> k\u00f6nnen Sie bessere Entscheidungen treffen und typische Fehler vermeiden.<\/p><p>\u00a0<\/p><p data-start=\"907\" data-end=\"1205\"><strong data-start=\"907\" data-end=\"925\">Dar\u00fcber hinaus<\/strong> informieren wir Sie regelm\u00e4\u00dfig \u00fcber aktuelle Branchentrends. Die Textildruckbranche entwickelt sich rasant. Jedes Jahr kommen neue Technologien und Verfahren hinzu. <strong data-start=\"1091\" data-end=\"1160\">Mit Easytex Nachrichten bleiben Sie somit immer auf dem Laufenden<\/strong> und k\u00f6nnen Innovationen fr\u00fchzeitig nutzen.<\/p>\t\t\t\t\t\t\t\t<\/div>\n\t\t\t\t<\/div>\n\t\t\t\t\t<\/div>\n\t\t\t\t<\/div>\n\t\t<div class=\"elementor-element elementor-element-b8c3be0 e-flex e-con-boxed e-con e-parent\" data-id=\"b8c3be0\" data-element_type=\"container\">\n\t\t\t\t\t<div class=\"e-con-inner\">\n\t\t\t\t<div class=\"elementor-element elementor-element-25d88fe elementor-widget elementor-widget-text-editor\" data-id=\"25d88fe\" data-element_type=\"widget\" data-widget_type=\"text-editor.default\">\n\t\t\t\t<div class=\"elementor-widget-container\">\n\t\t\t\t\t\t\t\t\t<p data-start=\"1207\" data-end=\"1446\"><strong data-start=\"1207\" data-end=\"1231\">Ein weiterer Vorteil<\/strong>: Wir geben praxisnahe Tipps zur Optimierung Ihrer Arbeitsabl\u00e4ufe. Dazu geh\u00f6ren Prozessverbesserung, Kostenreduzierung und die Auswahl des richtigen Equipments. <strong data-start=\"1392\" data-end=\"1398\">So<\/strong> steigern Sie Effizienz und Qualit\u00e4t zugleich.<\/p><p data-start=\"1448\" data-end=\"1691\"><strong data-start=\"1448\" data-end=\"1460\">Au\u00dferdem<\/strong> ver\u00f6ffentlichen wir Fallstudien aus der Praxis. Sie zeigen konkrete Herausforderungen, L\u00f6sungen und Ergebnisse realer Projekte. <strong data-start=\"1589\" data-end=\"1621\">Diese Beispiele helfen Ihnen<\/strong>, eigene Fehler zu vermeiden und erfolgreiche Strategien umzusetzen.<\/p><p data-start=\"1693\" data-end=\"1936\"><strong data-start=\"1693\" data-end=\"1736\">Wer profitiert von Easytex Nachrichten?<\/strong><br data-start=\"1736\" data-end=\"1739\" \/>Unsere Inhalte sind f\u00fcr alle gedacht, die sich f\u00fcr Textildruck interessieren. <strong data-start=\"1817\" data-end=\"1823\">Ob<\/strong> Textilhandwerker, Unternehmer, Start-up oder gr\u00f6\u00dferes Unternehmen \u2013 jeder findet hier relevante Informationen.<\/p><p data-start=\"1938\" data-end=\"2173\"><strong data-start=\"1938\" data-end=\"1953\">Schlie\u00dflich<\/strong> m\u00f6chten wir Wissen f\u00fcr alle zug\u00e4nglich machen. Lesen Sie unsere Artikel, teilen Sie Ihre Meinung in den Kommentaren und abonnieren Sie unseren Blog. <strong data-start=\"2103\" data-end=\"2171\">So bleiben Sie immer informiert \u00fcber die neuesten Entwicklungen.<\/strong><\/p><p>\u00a0<\/p><p data-start=\"2175\" data-end=\"2360\"><strong data-start=\"2175\" data-end=\"2358\">Kurz gesagt: Easytex Nachrichten sind mehr als ein Blog. Sie sind eine zuverl\u00e4ssige Wissensquelle mit praktischen Tipps, Brancheneinblicken und Inspiration f\u00fcr Textildruck-Profis.<\/strong><\/p>\t\t\t\t\t\t\t\t<\/div>\n\t\t\t\t<\/div>\n\t\t\t\t\t<\/div>\n\t\t\t\t<\/div>\n\t\t\t\t<\/div>\n\t\t","protected":false},"excerpt":{"rendered":"<p>Aktuelle Nachrichten \u00fcber Easytex Warum Easytex Nachrichten lesen? Jeder Artikel in den Easytex Nachrichten bietet wertvolle, praxisnahe Einblicke f\u00fcr Fachleute in der Textildruckbranche. Unser Ziel ist es daher, Wissen bereitzustellen, das Ihnen hilft, in diesem sich st\u00e4ndig wandelnden Bereich erfolgreich zu sein. Zum Beispiel finden Sie bei uns detaillierte Einblicke in verschiedene Drucktechniken. Ganz gleich, [&hellip;]<\/p>\n","protected":false},"author":7,"featured_media":0,"parent":0,"menu_order":0,"comment_status":"closed","ping_status":"closed","template":"","meta":{"footnotes":""},"class_list":["post-1137","page","type-page","status-publish","hentry"],"yoast_head":"<!-- This site is optimized with the Yoast SEO plugin v26.8 - https:\/\/yoast.com\/product\/yoast-seo-wordpress\/ -->\n<title>Nachrichten - Easytex Pro<\/title>\n<meta name=\"description\" content=\"Lesen Sie Easytex Nachrichten: Trends, Tipps und Einblicke f\u00fcr Textildruck-Profis. Bleiben Sie informiert und immer einen Schritt voraus.\" \/>\n<meta name=\"robots\" content=\"index, follow, max-snippet:-1, max-image-preview:large, max-video-preview:-1\" \/>\n<link rel=\"canonical\" href=\"https:\/\/easytexpro.com\/de\/nachrichten\/\" \/>\n<meta property=\"og:locale\" content=\"de_DE\" \/>\n<meta property=\"og:type\" content=\"article\" \/>\n<meta property=\"og:title\" content=\"Nachrichten - Easytex Pro\" \/>\n<meta property=\"og:description\" content=\"Lesen Sie Easytex Nachrichten: Trends, Tipps und Einblicke f\u00fcr Textildruck-Profis. Bleiben Sie informiert und immer einen Schritt voraus.\" \/>\n<meta property=\"og:url\" content=\"https:\/\/easytexpro.com\/de\/nachrichten\/\" \/>\n<meta property=\"og:site_name\" content=\"Easytex Pro\" \/>\n<meta property=\"article:modified_time\" content=\"2025-08-29T12:30:08+00:00\" \/>\n<meta name=\"twitter:card\" content=\"summary_large_image\" \/>\n<meta name=\"twitter:label1\" content=\"Gesch\u00e4tzte Lesezeit\" \/>\n\t<meta name=\"twitter:data1\" content=\"4\u00a0Minuten\" \/>\n<script type=\"application\/ld+json\" class=\"yoast-schema-graph\">{\"@context\":\"https:\/\/schema.org\",\"@graph\":[{\"@type\":\"WebPage\",\"@id\":\"https:\/\/easytexpro.com\/de\/nachrichten\/\",\"url\":\"https:\/\/easytexpro.com\/de\/nachrichten\/\",\"name\":\"Nachrichten - Easytex Pro\",\"isPartOf\":{\"@id\":\"https:\/\/easytexpro.com\/de\/#website\"},\"datePublished\":\"2024-02-13T10:41:31+00:00\",\"dateModified\":\"2025-08-29T12:30:08+00:00\",\"description\":\"Lesen Sie Easytex Nachrichten: Trends, Tipps und Einblicke f\u00fcr Textildruck-Profis. Bleiben Sie informiert und immer einen Schritt voraus.\",\"breadcrumb\":{\"@id\":\"https:\/\/easytexpro.com\/de\/nachrichten\/#breadcrumb\"},\"inLanguage\":\"de\",\"potentialAction\":[{\"@type\":\"ReadAction\",\"target\":[\"https:\/\/easytexpro.com\/de\/nachrichten\/\"]}]},{\"@type\":\"BreadcrumbList\",\"@id\":\"https:\/\/easytexpro.com\/de\/nachrichten\/#breadcrumb\",\"itemListElement\":[{\"@type\":\"ListItem\",\"position\":1,\"name\":\"Accueil\",\"item\":\"https:\/\/easytexpro.com\/de\/\"},{\"@type\":\"ListItem\",\"position\":2,\"name\":\"Nachrichten\"}]},{\"@type\":\"WebSite\",\"@id\":\"https:\/\/easytexpro.com\/de\/#website\",\"url\":\"https:\/\/easytexpro.com\/de\/\",\"name\":\"Easytex Pro\",\"description\":\"Welcome Simplicity\",\"publisher\":{\"@id\":\"https:\/\/easytexpro.com\/de\/#organization\"},\"potentialAction\":[{\"@type\":\"SearchAction\",\"target\":{\"@type\":\"EntryPoint\",\"urlTemplate\":\"https:\/\/easytexpro.com\/de\/?s={search_term_string}\"},\"query-input\":{\"@type\":\"PropertyValueSpecification\",\"valueRequired\":true,\"valueName\":\"search_term_string\"}}],\"inLanguage\":\"de\"},{\"@type\":\"Organization\",\"@id\":\"https:\/\/easytexpro.com\/de\/#organization\",\"name\":\"Easytex Pro\",\"url\":\"https:\/\/easytexpro.com\/de\/\",\"logo\":{\"@type\":\"ImageObject\",\"inLanguage\":\"de\",\"@id\":\"https:\/\/easytexpro.com\/de\/#\/schema\/logo\/image\/\",\"url\":\"https:\/\/easytexpro.com\/wp-content\/uploads\/2024\/02\/logo-easytexpro.png\",\"contentUrl\":\"https:\/\/easytexpro.com\/wp-content\/uploads\/2024\/02\/logo-easytexpro.png\",\"width\":2407,\"height\":537,\"caption\":\"Easytex Pro\"},\"image\":{\"@id\":\"https:\/\/easytexpro.com\/de\/#\/schema\/logo\/image\/\"},\"sameAs\":[\"https:\/\/www.linkedin.com\/showcase\/easytex-international\/posts\/?feedView=all\"]}]}<\/script>\n<!-- \/ Yoast SEO plugin. -->","yoast_head_json":{"title":"Nachrichten - Easytex Pro","description":"Lesen Sie Easytex Nachrichten: Trends, Tipps und Einblicke f\u00fcr Textildruck-Profis. Bleiben Sie informiert und immer einen Schritt voraus.","robots":{"index":"index","follow":"follow","max-snippet":"max-snippet:-1","max-image-preview":"max-image-preview:large","max-video-preview":"max-video-preview:-1"},"canonical":"https:\/\/easytexpro.com\/de\/nachrichten\/","og_locale":"de_DE","og_type":"article","og_title":"Nachrichten - Easytex Pro","og_description":"Lesen Sie Easytex Nachrichten: Trends, Tipps und Einblicke f\u00fcr Textildruck-Profis. Bleiben Sie informiert und immer einen Schritt voraus.","og_url":"https:\/\/easytexpro.com\/de\/nachrichten\/","og_site_name":"Easytex Pro","article_modified_time":"2025-08-29T12:30:08+00:00","twitter_card":"summary_large_image","twitter_misc":{"Gesch\u00e4tzte Lesezeit":"4\u00a0Minuten"},"schema":{"@context":"https:\/\/schema.org","@graph":[{"@type":"WebPage","@id":"https:\/\/easytexpro.com\/de\/nachrichten\/","url":"https:\/\/easytexpro.com\/de\/nachrichten\/","name":"Nachrichten - Easytex Pro","isPartOf":{"@id":"https:\/\/easytexpro.com\/de\/#website"},"datePublished":"2024-02-13T10:41:31+00:00","dateModified":"2025-08-29T12:30:08+00:00","description":"Lesen Sie Easytex Nachrichten: Trends, Tipps und Einblicke f\u00fcr Textildruck-Profis. Bleiben Sie informiert und immer einen Schritt voraus.","breadcrumb":{"@id":"https:\/\/easytexpro.com\/de\/nachrichten\/#breadcrumb"},"inLanguage":"de","potentialAction":[{"@type":"ReadAction","target":["https:\/\/easytexpro.com\/de\/nachrichten\/"]}]},{"@type":"BreadcrumbList","@id":"https:\/\/easytexpro.com\/de\/nachrichten\/#breadcrumb","itemListElement":[{"@type":"ListItem","position":1,"name":"Accueil","item":"https:\/\/easytexpro.com\/de\/"},{"@type":"ListItem","position":2,"name":"Nachrichten"}]},{"@type":"WebSite","@id":"https:\/\/easytexpro.com\/de\/#website","url":"https:\/\/easytexpro.com\/de\/","name":"Easytex Pro","description":"Welcome Simplicity","publisher":{"@id":"https:\/\/easytexpro.com\/de\/#organization"},"potentialAction":[{"@type":"SearchAction","target":{"@type":"EntryPoint","urlTemplate":"https:\/\/easytexpro.com\/de\/?s={search_term_string}"},"query-input":{"@type":"PropertyValueSpecification","valueRequired":true,"valueName":"search_term_string"}}],"inLanguage":"de"},{"@type":"Organization","@id":"https:\/\/easytexpro.com\/de\/#organization","name":"Easytex Pro","url":"https:\/\/easytexpro.com\/de\/","logo":{"@type":"ImageObject","inLanguage":"de","@id":"https:\/\/easytexpro.com\/de\/#\/schema\/logo\/image\/","url":"https:\/\/easytexpro.com\/wp-content\/uploads\/2024\/02\/logo-easytexpro.png","contentUrl":"https:\/\/easytexpro.com\/wp-content\/uploads\/2024\/02\/logo-easytexpro.png","width":2407,"height":537,"caption":"Easytex Pro"},"image":{"@id":"https:\/\/easytexpro.com\/de\/#\/schema\/logo\/image\/"},"sameAs":["https:\/\/www.linkedin.com\/showcase\/easytex-international\/posts\/?feedView=all"]}]}},"_links":{"self":[{"href":"https:\/\/easytexpro.com\/de\/wp-json\/wp\/v2\/pages\/1137","targetHints":{"allow":["GET"]}}],"collection":[{"href":"https:\/\/easytexpro.com\/de\/wp-json\/wp\/v2\/pages"}],"about":[{"href":"https:\/\/easytexpro.com\/de\/wp-json\/wp\/v2\/types\/page"}],"author":[{"embeddable":true,"href":"https:\/\/easytexpro.com\/de\/wp-json\/wp\/v2\/users\/7"}],"replies":[{"embeddable":true,"href":"https:\/\/easytexpro.com\/de\/wp-json\/wp\/v2\/comments?post=1137"}],"version-history":[{"count":7,"href":"https:\/\/easytexpro.com\/de\/wp-json\/wp\/v2\/pages\/1137\/revisions"}],"predecessor-version":[{"id":2379,"href":"https:\/\/easytexpro.com\/de\/wp-json\/wp\/v2\/pages\/1137\/revisions\/2379"}],"wp:attachment":[{"href":"https:\/\/easytexpro.com\/de\/wp-json\/wp\/v2\/media?parent=1137"}],"curies":[{"name":"wp","href":"https:\/\/api.w.org\/{rel}","templated":true}]}}