{"id":1497,"date":"2024-02-05T14:25:32","date_gmt":"2024-02-05T13:25:32","guid":{"rendered":"https:\/\/easytexpro.com\/impressum\/"},"modified":"2025-08-27T10:02:12","modified_gmt":"2025-08-27T08:02:12","slug":"impressum","status":"publish","type":"page","link":"https:\/\/easytexpro.com\/de\/impressum\/","title":{"rendered":"Impressum"},"content":{"rendered":"\t\t<div data-elementor-type=\"wp-page\" data-elementor-id=\"1497\" class=\"elementor elementor-1497 elementor-3\" data-elementor-post-type=\"page\">\n\t\t\t\t<div class=\"elementor-element elementor-element-373bdb82 e-flex e-con-boxed e-con e-parent\" data-id=\"373bdb82\" data-element_type=\"container\">\n\t\t\t\t\t<div class=\"e-con-inner\">\n\t\t\t\t<div class=\"elementor-element elementor-element-169210e elementor-widget elementor-widget-heading\" data-id=\"169210e\" data-element_type=\"widget\" data-widget_type=\"heading.default\">\n\t\t\t\t<div class=\"elementor-widget-container\">\n\t\t\t\t\t<h1 class=\"elementor-heading-title elementor-size-default\">Impressum, Datenschutz und Cookies<\/h1>\t\t\t\t<\/div>\n\t\t\t\t<\/div>\n\t\t\t\t<div class=\"elementor-element elementor-element-523d625 elementor-widget elementor-widget-heading\" data-id=\"523d625\" data-element_type=\"widget\" data-widget_type=\"heading.default\">\n\t\t\t\t<div class=\"elementor-widget-container\">\n\t\t\t\t\t<h2 class=\"elementor-heading-title elementor-size-default\">Seitenbetreiber<\/h2>\t\t\t\t<\/div>\n\t\t\t\t<\/div>\n\t\t\t\t<div class=\"elementor-element elementor-element-4a980cc elementor-widget elementor-widget-text-editor\" data-id=\"4a980cc\" data-element_type=\"widget\" data-widget_type=\"text-editor.default\">\n\t\t\t\t<div class=\"elementor-widget-container\">\n\t\t\t\t\t\t\t\t\t<p>Bitte lesen Sie das <strong data-start=\"158\" data-end=\"174\">Impressum <\/strong>sowie die verschiedenen Nutzungsbedingungen dieser Website sorgf\u00e4ltig durch, bevor Sie ihre Seiten aufrufen. Durch den Zugriff auf diese Website akzeptieren Sie diese Bedingungen vorbehaltlos. Dar\u00fcber hinaus werden gem\u00e4\u00df Artikel 6 des franz\u00f6sischen Gesetzes Nr. 2004-575 vom 21. Juni 2004 \u00fcber das Vertrauen in die digitale Wirtschaft die f\u00fcr diese Website Verantwortlichen im <strong data-start=\"534\" data-end=\"550\">Impressum<\/strong> aufgef\u00fchrt.  <\/p>\t\t\t\t\t\t\t\t<\/div>\n\t\t\t\t<\/div>\n\t\t\t\t<div class=\"elementor-element elementor-element-62cab87 elementor-widget elementor-widget-text-editor\" data-id=\"62cab87\" data-element_type=\"widget\" data-widget_type=\"text-editor.default\">\n\t\t\t\t<div class=\"elementor-widget-container\">\n\t\t\t\t\t\t\t\t\t<p>Easytex von SUBRENAT <\/p>\n<p>USt-IdNr.: FR 21380282780<\/p>\n<p>91 rue de l\u2019\u00e9pinette, 59420 Mouvaux &#8211; FRANKREICH <\/p>\n<p>Telefonnummer: 032011 <\/p>\n<p>Email :\u202f easy-export@subrenat.com <\/p>\n<p>Webseite :\u202fwww.easytexpro.com <\/p>\t\t\t\t\t\t\t\t<\/div>\n\t\t\t\t<\/div>\n\t\t\t\t<div class=\"elementor-element elementor-element-a1980e7 elementor-widget elementor-widget-heading\" data-id=\"a1980e7\" data-element_type=\"widget\" data-widget_type=\"heading.default\">\n\t\t\t\t<div class=\"elementor-widget-container\">\n\t\t\t\t\t<h2 class=\"elementor-heading-title elementor-size-default\">Hosting<\/h2>\t\t\t\t<\/div>\n\t\t\t\t<\/div>\n\t\t\t\t<div class=\"elementor-element elementor-element-6579b97 elementor-widget elementor-widget-text-editor\" data-id=\"6579b97\" data-element_type=\"widget\" data-widget_type=\"text-editor.default\">\n\t\t\t\t<div class=\"elementor-widget-container\">\n\t\t\t\t\t\t\t\t\t<p>Hosting-Unternehmen:\u202fOVH <\/p><p>Head office located at 2 rue Kellerman 59100 ROUBAIX &#8211; FRANKREICH <\/p><p>Wir haben den Domainnamen gem\u00e4\u00df den geltenden gesetzlichen Bestimmungen reserviert.<\/p>\t\t\t\t\t\t\t\t<\/div>\n\t\t\t\t<\/div>\n\t\t\t\t<div class=\"elementor-element elementor-element-eb6d818 elementor-widget elementor-widget-heading\" data-id=\"eb6d818\" data-element_type=\"widget\" data-widget_type=\"heading.default\">\n\t\t\t\t<div class=\"elementor-widget-container\">\n\t\t\t\t\t<h2 class=\"elementor-heading-title elementor-size-default\">Entwicklung<\/h2>\t\t\t\t<\/div>\n\t\t\t\t<\/div>\n\t\t\t\t<div class=\"elementor-element elementor-element-97f8a23 elementor-widget elementor-widget-text-editor\" data-id=\"97f8a23\" data-element_type=\"widget\" data-widget_type=\"text-editor.default\">\n\t\t\t\t<div class=\"elementor-widget-container\">\n\t\t\t\t\t\t\t\t\t<p>Entwicklung :\u202f Marie Fauquembergue (Artiboun)<\/p>\n<p>Addresse :\u202f artiboun.design@gmail.com<\/p>\t\t\t\t\t\t\t\t<\/div>\n\t\t\t\t<\/div>\n\t\t\t\t<div class=\"elementor-element elementor-element-26cbf57 elementor-widget elementor-widget-heading\" data-id=\"26cbf57\" data-element_type=\"widget\" data-widget_type=\"heading.default\">\n\t\t\t\t<div class=\"elementor-widget-container\">\n\t\t\t\t\t<h2 class=\"elementor-heading-title elementor-size-default\">Nutzungsbedingungen<\/h2>\t\t\t\t<\/div>\n\t\t\t\t<\/div>\n\t\t\t\t<div class=\"elementor-element elementor-element-92bd85c elementor-widget elementor-widget-text-editor\" data-id=\"92bd85c\" data-element_type=\"widget\" data-widget_type=\"text-editor.default\">\n\t\t\t\t<div class=\"elementor-widget-container\">\n\t\t\t\t\t\t\t\t\t<p>Die Website <strong><a href=\"http:\/\/www.easytexpro.com\/\">www.easytexpro.com<\/a><\/strong> ist in mehreren Websprachen (HTML, HTML5, CSS usw.) verf\u00fcgbar, um den Benutzerkomfort zu verbessern und ein angenehmeres Grafikdesign zu bieten. F\u00fcr das beste Surferlebnis empfehlen wir die Verwendung moderner Browser wie Firefox, Google Chrome usw. <\/p><p>SUBRENAT ist bestrebt, die Richtigkeit und die regelm\u00e4\u00dfige Aktualisierung der Informationen auf seinen Websites sicherzustellen. Dennoch k\u00f6nnen Fehler oder Auslassungen auftreten. Die Benutzer sollten die Informationen bei SUBRENAT \u00fcberpr\u00fcfen und notwendige \u00c4nderungen melden. Diese Angaben unterliegen ebenfalls dem <strong>Impressum<\/strong> der Website. SUBRENAT \u00fcbernimmt keine Verantwortung f\u00fcr die Nutzung dieser Informationen oder f\u00fcr direkte oder indirekte Folgen, die sich daraus ergeben.    <\/p>\t\t\t\t\t\t\t\t<\/div>\n\t\t\t\t<\/div>\n\t\t\t\t<div class=\"elementor-element elementor-element-7cfd6ad elementor-widget elementor-widget-heading\" data-id=\"7cfd6ad\" data-element_type=\"widget\" data-widget_type=\"heading.default\">\n\t\t\t\t<div class=\"elementor-widget-container\">\n\t\t\t\t\t<h2 class=\"elementor-heading-title elementor-size-default\">Cookies<\/h2>\t\t\t\t<\/div>\n\t\t\t\t<\/div>\n\t\t\t\t<div class=\"elementor-element elementor-element-24ae508 elementor-widget elementor-widget-text-editor\" data-id=\"24ae508\" data-element_type=\"widget\" data-widget_type=\"text-editor.default\">\n\t\t\t\t<div class=\"elementor-widget-container\">\n\t\t\t\t\t\t\t\t\t<p>Die Website www.easytexpro.com kann Sie auffordern, Cookies f\u00fcr statistische und Anzeigezwecke zu akzeptieren. Ein Cookie ist ein St\u00fcck Information, das auf Ihrer Festplatte vom Server der Website, die Sie besuchen, abgelegt wird. Es enth\u00e4lt mehrere Daten, die auf Ihrem Computer in einer einfachen Textdatei gespeichert werden, auf die ein Server zugreift, um Informationen zu lesen und zu speichern. Einige Teile dieser Website k\u00f6nnen ohne die Zustimmung zu Cookies nicht funktionsf\u00e4hig sein.   <\/p>\t\t\t\t\t\t\t\t<\/div>\n\t\t\t\t<\/div>\n\t\t\t\t<div class=\"elementor-element elementor-element-e2699b2 elementor-widget elementor-widget-heading\" data-id=\"e2699b2\" data-element_type=\"widget\" data-widget_type=\"heading.default\">\n\t\t\t\t<div class=\"elementor-widget-container\">\n\t\t\t\t\t<h2 class=\"elementor-heading-title elementor-size-default\">Hyperlinks<\/h2>\t\t\t\t<\/div>\n\t\t\t\t<\/div>\n\t\t\t\t<div class=\"elementor-element elementor-element-a9786e0 elementor-widget elementor-widget-text-editor\" data-id=\"a9786e0\" data-element_type=\"widget\" data-widget_type=\"text-editor.default\">\n\t\t\t\t<div class=\"elementor-widget-container\">\n\t\t\t\t\t\t\t\t\t<p>Die Website www.easytexpro.com sowie die angeschlossenen Seiten der verschiedenen Aktivit\u00e4ten (www.subrenat.com, www.easytexshop.com) k\u00f6nnen Links zu anderen Websites oder Ressourcen im Internet anbieten. SUBRENAT hat keine M\u00f6glichkeit, die mit diesen verschiedenen Websites verbundenen Seiten zu kontrollieren. SUBRENAT ist weder f\u00fcr die Verf\u00fcgbarkeit dieser externen Seiten und Quellen verantwortlich noch garantiert es diese. Es kann nicht f\u00fcr Sch\u00e4den jeglicher Art haftbar gemacht werden, die aus dem Inhalt dieser Seiten oder externen Quellen resultieren, insbesondere f\u00fcr die Informationen, Produkte oder Dienstleistungen, die sie anbieten, oder f\u00fcr eine Nutzung dieser Elemente. Die Risiken, die mit einer solchen Nutzung verbunden sind, liegen vollst\u00e4ndig beim Internetnutzer, der die jeweiligen Nutzungsbedingungen einhalten muss.     <\/p><p>Benutzer, Abonnenten und Besucher der Websites d\u00fcrfen keinen Hyperlink zu dieser Seite ohne die ausdr\u00fcckliche vorherige Genehmigung von SUBRENAT einrichten. Sollte ein Benutzer oder Besucher einen Hyperlink zu einer der SUBRENAT-Websites einrichten wollen, liegt es in seiner Verantwortung, eine E-Mail \u00fcber die auf der Website zug\u00e4ngliche Adresse zu senden, um seine Anfrage zur Einrichtung eines Hyperlinks zu formulieren. SUBRENAT beh\u00e4lt sich das Recht vor, einen Hyperlink zu akzeptieren oder abzulehnen, ohne seine Entscheidung begr\u00fcnden zu m\u00fcssen.  <\/p>\t\t\t\t\t\t\t\t<\/div>\n\t\t\t\t<\/div>\n\t\t\t\t<div class=\"elementor-element elementor-element-9bbc80a elementor-widget elementor-widget-heading\" data-id=\"9bbc80a\" data-element_type=\"widget\" data-widget_type=\"heading.default\">\n\t\t\t\t<div class=\"elementor-widget-container\">\n\t\t\t\t\t<h2 class=\"elementor-heading-title elementor-size-default\">Erbrachte Dienstleistungen<\/h2>\t\t\t\t<\/div>\n\t\t\t\t<\/div>\n\t\t\t\t<div class=\"elementor-element elementor-element-e062b9d elementor-widget elementor-widget-text-editor\" data-id=\"e062b9d\" data-element_type=\"widget\" data-widget_type=\"text-editor.default\">\n\t\t\t\t<div class=\"elementor-widget-container\">\n\t\t\t\t\t\t\t\t\t<p> <\/p><p>Alle Unternehmensaktivit\u00e4ten und Informationen sind auf unserer Website <strong><a href=\"http:\/\/www.easytexpro.com\/\">www.easytexpro.com <\/a><\/strong>verf\u00fcgbar.<\/p><p><strong>SUBRENAT<\/strong> ist bestrebt, auf der Website <strong><a href=\"http:\/\/www.easytexpro.com\/\">www.easytexpro.com<\/a><\/strong> genaue Informationen bereitzustellen. Die Informationen sind jedoch nicht vollst\u00e4ndig, und die Fotos sind nicht vertraglich bindend. Sie k\u00f6nnen seit ihrer Ver\u00f6ffentlichung \u00c4nderungen unterliegen. Dar\u00fcber hinaus dienen alle Informationen auf der Website ausschlie\u00dflich zu Informationszwecken und k\u00f6nnen ohne vorherige Ank\u00fcndigung ge\u00e4ndert werden.   <\/p>\t\t\t\t\t\t\t\t<\/div>\n\t\t\t\t<\/div>\n\t\t\t\t<div class=\"elementor-element elementor-element-acde93c elementor-widget elementor-widget-heading\" data-id=\"acde93c\" data-element_type=\"widget\" data-widget_type=\"heading.default\">\n\t\t\t\t<div class=\"elementor-widget-container\">\n\t\t\t\t\t<h2 class=\"elementor-heading-title elementor-size-default\">Vertragliche Einschr\u00e4nkungen von Daten<\/h2>\t\t\t\t<\/div>\n\t\t\t\t<\/div>\n\t\t\t\t<div class=\"elementor-element elementor-element-2bc8639 elementor-widget elementor-widget-text-editor\" data-id=\"2bc8639\" data-element_type=\"widget\" data-widget_type=\"text-editor.default\">\n\t\t\t\t<div class=\"elementor-widget-container\">\n\t\t\t\t\t\t\t\t\t<p>Die Informationen auf dieser Website sind so genau wie m\u00f6glich und die Seite wird zu verschiedenen Zeiten im Jahr aktualisiert, kann jedoch Ungenauigkeiten oder Auslassungen enthalten. Falls Ihnen eine L\u00fccke, ein Fehler oder ein m\u00f6glicher Defekt auff\u00e4llt, melden Sie dies bitte per E-Mail an easy-export@subrenat.com und beschreiben Sie das Problem so genau wie m\u00f6glich (Seite, die das Problem verursacht, Art des Computers und des verwendeten Browsers usw.). <\/p>\t\t\t\t\t\t\t\t<\/div>\n\t\t\t\t<\/div>\n\t\t\t\t<div class=\"elementor-element elementor-element-a3738f3 elementor-widget elementor-widget-heading\" data-id=\"a3738f3\" data-element_type=\"widget\" data-widget_type=\"heading.default\">\n\t\t\t\t<div class=\"elementor-widget-container\">\n\t\t\t\t\t<h2 class=\"elementor-heading-title elementor-size-default\">Geistiges Eigentum<\/h2>\t\t\t\t<\/div>\n\t\t\t\t<\/div>\n\t\t\t\t<div class=\"elementor-element elementor-element-6332cf8 elementor-widget elementor-widget-text-editor\" data-id=\"6332cf8\" data-element_type=\"widget\" data-widget_type=\"text-editor.default\">\n\t\t\t\t<div class=\"elementor-widget-container\">\n\t\t\t\t\t\t\t\t\t<p> <\/p><p>Alle Inhalte der Website <strong><a href=\"http:\/\/www.easytexpro.com\/\">www.easytexpro.com,<\/a><\/strong> einschlie\u00dflich, aber nicht beschr\u00e4nkt auf Grafiken, Bilder, Texte, Videos, Animationen, Kl\u00e4nge, Logos, GIFs, Symbole und Formatierungen, sind ausschlie\u00dfliches Eigentum des Unternehmens. Davon ausgenommen sind Marken, Logos und Inhalte, die Partnerunternehmen oder Autoren geh\u00f6ren. <\/p><p>Einige Bilder und Vektoren stammen von der Grafikressourcen-Website <strong><a href=\"http:\/\/www.thenounproject.com\/\">www.thenounproject.com<\/a><\/strong>.<\/p><p>Die Vervielf\u00e4ltigung, Verbreitung, \u00c4nderung, Anpassung, Weiterleitung oder Ver\u00f6ffentlichung, auch teilweise, dieser Elemente ist ohne ausdr\u00fcckliche schriftliche Zustimmung von <strong>SUBRENAT<\/strong> streng verboten. Jede unbefugte Nutzung stellt eine Verletzung dar, die nach Artikel L.335-2 des franz\u00f6sischen Urheberrechtsgesetzes strafbar ist. Die Nichteinhaltung kann sowohl zivil- als auch strafrechtliche Haftung nach sich ziehen. Die Eigent\u00fcmer der Inhalte k\u00f6nnen ebenfalls rechtliche Schritte einleiten.   <\/p><p>Jegliche heruntergeladenen Inhalte erfolgen auf eigenes Risiko und eigene Verantwortung des Nutzers. <strong>SUBRENAT <\/strong>haftet nicht f\u00fcr Sch\u00e4den am Computer des Nutzers oder f\u00fcr Datenverluste, die durch Downloads entstehen. Der Nutzer verpflichtet sich, die Website mit aktueller, virenfreier Hardware und einem modernen, sicheren Browser zu besuchen. <\/p><p><strong>SUBRENAT<\/strong> ist nicht verantwortlich f\u00fcr Hypertextlinks auf dieser Website, die zu anderen Ressourcen im Internet f\u00fchren.<\/p>\t\t\t\t\t\t\t\t<\/div>\n\t\t\t\t<\/div>\n\t\t\t\t<div class=\"elementor-element elementor-element-d9c706b elementor-widget elementor-widget-heading\" data-id=\"d9c706b\" data-element_type=\"widget\" data-widget_type=\"heading.default\">\n\t\t\t\t<div class=\"elementor-widget-container\">\n\t\t\t\t\t<h2 class=\"elementor-heading-title elementor-size-default\">Rechtsstreitigkeiten<\/h2>\t\t\t\t<\/div>\n\t\t\t\t<\/div>\n\t\t\t\t<div class=\"elementor-element elementor-element-a5fbdf6 elementor-widget elementor-widget-text-editor\" data-id=\"a5fbdf6\" data-element_type=\"widget\" data-widget_type=\"text-editor.default\">\n\t\t\t\t<div class=\"elementor-widget-container\">\n\t\t\t\t\t\t\t\t\t<p>Die Nutzungsbedingungen der Website <strong data-start=\"112\" data-end=\"134\"><a class=\"cursor-pointer\" target=\"_new\" rel=\"noopener\" data-start=\"114\" data-end=\"132\">www.easytexpro.com<\/a><\/strong> unterliegen dem franz\u00f6sischen Recht. Jede Streitigkeit oder Rechtsstreitigkeit, die sich aus der Auslegung oder Durchf\u00fchrung dieser Bedingungen ergibt, f\u00e4llt in die ausschlie\u00dfliche Zust\u00e4ndigkeit der Gerichte am Sitz des Unternehmens. Die Referenzsprache f\u00fcr die Beilegung von Streitigkeiten ist Franz\u00f6sisch.  <\/p>\t\t\t\t\t\t\t\t<\/div>\n\t\t\t\t<\/div>\n\t\t\t\t<div class=\"elementor-element elementor-element-76eded9 elementor-widget elementor-widget-heading\" data-id=\"76eded9\" data-element_type=\"widget\" data-widget_type=\"heading.default\">\n\t\t\t\t<div class=\"elementor-widget-container\">\n\t\t\t\t\t<h2 class=\"elementor-heading-title elementor-size-default\">Personenbezogene Daten<\/h2>\t\t\t\t<\/div>\n\t\t\t\t<\/div>\n\t\t\t\t<div class=\"elementor-element elementor-element-4efdda3d elementor-widget elementor-widget-text-editor\" data-id=\"4efdda3d\" data-element_type=\"widget\" data-widget_type=\"text-editor.default\">\n\t\t\t\t<div class=\"elementor-widget-container\">\n\t\t\t\t\t\t\t\t\t<p>Im Allgemeinen sind Sie nicht verpflichtet, Ihre pers\u00f6nlichen Daten bei einem Besuch unserer Website <strong><a href=\"http:\/\/www.easytexpro.com\/\">www.easytexpro.com <\/a><\/strong>anzugeben. Bestimmte Dienste auf unserer Website k\u00f6nnen jedoch erfordern, dass Sie bestimmte Informationen bereitstellen, wie z.\u202fB. Ihren Namen, Ihre Position, den Firmennamen, Ihre E-Mail-Adresse, Telefonnummer usw. Dies geschieht, wenn Sie das Formular im Abschnitt \u201e<strong>Kontakt<\/strong>\u201c ausf\u00fcllen oder eine Anfrage in Bezug auf unsere Produkte oder Dienstleistungen stellen.  <\/p><p>Sie k\u00f6nnen sich entscheiden, Ihre pers\u00f6nlichen Daten nicht anzugeben. Dies kann jedoch Ihren Zugang zu bestimmten Funktionen auf der Website einschr\u00e4nken, wie z.\u202fB. das Anfordern von Informationen \u00fcber unser Unternehmen oder den Erhalt von Newslettern. <\/p><p>Dar\u00fcber hinaus k\u00f6nnen wir beim Besuch unserer Website automatisch bestimmte Informationen \u00fcber Sie sammeln. Dazu geh\u00f6ren Angaben zu den von Ihnen besuchten Bereichen, den genutzten Diensten, Ihrer IP-Adresse, der Art des von Ihnen verwendeten Browsers und Ihren Zugriffszeiten. <\/p><p>Wir verwenden diese Informationen ausschlie\u00dflich f\u00fcr interne statistische Zwecke, um die Qualit\u00e4t der von uns angebotenen Dienstleistungen zu verbessern. Die Datenbanken sind nach franz\u00f6sischem Recht gesch\u00fctzt, insbesondere nach dem Gesetz vom 1. Juli 1998, das die Richtlinie 96\/9 vom 11. M\u00e4rz 1996 \u00fcber den rechtlichen Schutz von Datenbanken umsetzt. <\/p><p>F\u00fcr weitere Details beachten Sie bitte unser Impressum.<\/p>\t\t\t\t\t\t\t\t<\/div>\n\t\t\t\t<\/div>\n\t\t\t\t\t<\/div>\n\t\t\t\t<\/div>\n\t\t\t\t<\/div>\n\t\t","protected":false},"excerpt":{"rendered":"<p>Impressum, Datenschutz und Cookies Seitenbetreiber Bitte lesen Sie das Impressum sowie die verschiedenen Nutzungsbedingungen dieser Website sorgf\u00e4ltig durch, bevor Sie ihre Seiten aufrufen. Durch den Zugriff auf diese Website akzeptieren Sie diese Bedingungen vorbehaltlos. Dar\u00fcber hinaus werden gem\u00e4\u00df Artikel 6 des franz\u00f6sischen Gesetzes Nr. 2004-575 vom 21. Juni 2004 \u00fcber das Vertrauen in die digitale [&hellip;]<\/p>\n","protected":false},"author":1,"featured_media":0,"parent":0,"menu_order":0,"comment_status":"closed","ping_status":"closed","template":"","meta":{"footnotes":""},"class_list":["post-1497","page","type-page","status-publish","hentry"],"yoast_head":"<!-- This site is optimized with the Yoast SEO plugin v26.8 - https:\/\/yoast.com\/product\/yoast-seo-wordpress\/ -->\n<title>Impressum | EasytexPro | Allgemeine Gesch\u00e4ftsbedingungen (AGB)<\/title>\n<meta name=\"description\" content=\"Lesen Sie das Impressum von Easytex f\u00fcr Details zu den Nutzungsbedingungen, dem Datenschutz und der rechtlichen Einhaltung unserer Website.\" \/>\n<meta name=\"robots\" content=\"index, follow, max-snippet:-1, max-image-preview:large, max-video-preview:-1\" \/>\n<link rel=\"canonical\" href=\"https:\/\/easytexpro.com\/de\/impressum\/\" \/>\n<meta property=\"og:locale\" content=\"de_DE\" \/>\n<meta property=\"og:type\" content=\"article\" \/>\n<meta property=\"og:title\" content=\"Impressum | EasytexPro | Allgemeine Gesch\u00e4ftsbedingungen (AGB)\" \/>\n<meta property=\"og:description\" content=\"Lesen Sie das Impressum von Easytex f\u00fcr Details zu den Nutzungsbedingungen, dem Datenschutz und der rechtlichen Einhaltung unserer Website.\" \/>\n<meta property=\"og:url\" content=\"https:\/\/easytexpro.com\/de\/impressum\/\" \/>\n<meta property=\"og:site_name\" content=\"Easytex Pro\" \/>\n<meta property=\"article:modified_time\" content=\"2025-08-27T08:02:12+00:00\" \/>\n<meta name=\"twitter:card\" content=\"summary_large_image\" \/>\n<meta name=\"twitter:label1\" content=\"Gesch\u00e4tzte Lesezeit\" \/>\n\t<meta name=\"twitter:data1\" content=\"6\u00a0Minuten\" \/>\n<script type=\"application\/ld+json\" class=\"yoast-schema-graph\">{\"@context\":\"https:\/\/schema.org\",\"@graph\":[{\"@type\":\"WebPage\",\"@id\":\"https:\/\/easytexpro.com\/de\/impressum\/\",\"url\":\"https:\/\/easytexpro.com\/de\/impressum\/\",\"name\":\"Impressum | EasytexPro | Allgemeine Gesch\u00e4ftsbedingungen (AGB)\",\"isPartOf\":{\"@id\":\"https:\/\/easytexpro.com\/de\/#website\"},\"datePublished\":\"2024-02-05T13:25:32+00:00\",\"dateModified\":\"2025-08-27T08:02:12+00:00\",\"description\":\"Lesen Sie das Impressum von Easytex f\u00fcr Details zu den Nutzungsbedingungen, dem Datenschutz und der rechtlichen Einhaltung unserer Website.\",\"breadcrumb\":{\"@id\":\"https:\/\/easytexpro.com\/de\/impressum\/#breadcrumb\"},\"inLanguage\":\"de\",\"potentialAction\":[{\"@type\":\"ReadAction\",\"target\":[\"https:\/\/easytexpro.com\/de\/impressum\/\"]}]},{\"@type\":\"BreadcrumbList\",\"@id\":\"https:\/\/easytexpro.com\/de\/impressum\/#breadcrumb\",\"itemListElement\":[{\"@type\":\"ListItem\",\"position\":1,\"name\":\"Accueil\",\"item\":\"https:\/\/easytexpro.com\/de\/\"},{\"@type\":\"ListItem\",\"position\":2,\"name\":\"Impressum\"}]},{\"@type\":\"WebSite\",\"@id\":\"https:\/\/easytexpro.com\/de\/#website\",\"url\":\"https:\/\/easytexpro.com\/de\/\",\"name\":\"Easytex Pro\",\"description\":\"Welcome Simplicity\",\"publisher\":{\"@id\":\"https:\/\/easytexpro.com\/de\/#organization\"},\"potentialAction\":[{\"@type\":\"SearchAction\",\"target\":{\"@type\":\"EntryPoint\",\"urlTemplate\":\"https:\/\/easytexpro.com\/de\/?s={search_term_string}\"},\"query-input\":{\"@type\":\"PropertyValueSpecification\",\"valueRequired\":true,\"valueName\":\"search_term_string\"}}],\"inLanguage\":\"de\"},{\"@type\":\"Organization\",\"@id\":\"https:\/\/easytexpro.com\/de\/#organization\",\"name\":\"Easytex Pro\",\"url\":\"https:\/\/easytexpro.com\/de\/\",\"logo\":{\"@type\":\"ImageObject\",\"inLanguage\":\"de\",\"@id\":\"https:\/\/easytexpro.com\/de\/#\/schema\/logo\/image\/\",\"url\":\"https:\/\/easytexpro.com\/wp-content\/uploads\/2024\/02\/logo-easytexpro.png\",\"contentUrl\":\"https:\/\/easytexpro.com\/wp-content\/uploads\/2024\/02\/logo-easytexpro.png\",\"width\":2407,\"height\":537,\"caption\":\"Easytex Pro\"},\"image\":{\"@id\":\"https:\/\/easytexpro.com\/de\/#\/schema\/logo\/image\/\"},\"sameAs\":[\"https:\/\/www.linkedin.com\/showcase\/easytex-international\/posts\/?feedView=all\"]}]}<\/script>\n<!-- \/ Yoast SEO plugin. -->","yoast_head_json":{"title":"Impressum | EasytexPro | Allgemeine Gesch\u00e4ftsbedingungen (AGB)","description":"Lesen Sie das Impressum von Easytex f\u00fcr Details zu den Nutzungsbedingungen, dem Datenschutz und der rechtlichen Einhaltung unserer Website.","robots":{"index":"index","follow":"follow","max-snippet":"max-snippet:-1","max-image-preview":"max-image-preview:large","max-video-preview":"max-video-preview:-1"},"canonical":"https:\/\/easytexpro.com\/de\/impressum\/","og_locale":"de_DE","og_type":"article","og_title":"Impressum | EasytexPro | Allgemeine Gesch\u00e4ftsbedingungen (AGB)","og_description":"Lesen Sie das Impressum von Easytex f\u00fcr Details zu den Nutzungsbedingungen, dem Datenschutz und der rechtlichen Einhaltung unserer Website.","og_url":"https:\/\/easytexpro.com\/de\/impressum\/","og_site_name":"Easytex Pro","article_modified_time":"2025-08-27T08:02:12+00:00","twitter_card":"summary_large_image","twitter_misc":{"Gesch\u00e4tzte Lesezeit":"6\u00a0Minuten"},"schema":{"@context":"https:\/\/schema.org","@graph":[{"@type":"WebPage","@id":"https:\/\/easytexpro.com\/de\/impressum\/","url":"https:\/\/easytexpro.com\/de\/impressum\/","name":"Impressum | EasytexPro | Allgemeine Gesch\u00e4ftsbedingungen (AGB)","isPartOf":{"@id":"https:\/\/easytexpro.com\/de\/#website"},"datePublished":"2024-02-05T13:25:32+00:00","dateModified":"2025-08-27T08:02:12+00:00","description":"Lesen Sie das Impressum von Easytex f\u00fcr Details zu den Nutzungsbedingungen, dem Datenschutz und der rechtlichen Einhaltung unserer Website.","breadcrumb":{"@id":"https:\/\/easytexpro.com\/de\/impressum\/#breadcrumb"},"inLanguage":"de","potentialAction":[{"@type":"ReadAction","target":["https:\/\/easytexpro.com\/de\/impressum\/"]}]},{"@type":"BreadcrumbList","@id":"https:\/\/easytexpro.com\/de\/impressum\/#breadcrumb","itemListElement":[{"@type":"ListItem","position":1,"name":"Accueil","item":"https:\/\/easytexpro.com\/de\/"},{"@type":"ListItem","position":2,"name":"Impressum"}]},{"@type":"WebSite","@id":"https:\/\/easytexpro.com\/de\/#website","url":"https:\/\/easytexpro.com\/de\/","name":"Easytex Pro","description":"Welcome Simplicity","publisher":{"@id":"https:\/\/easytexpro.com\/de\/#organization"},"potentialAction":[{"@type":"SearchAction","target":{"@type":"EntryPoint","urlTemplate":"https:\/\/easytexpro.com\/de\/?s={search_term_string}"},"query-input":{"@type":"PropertyValueSpecification","valueRequired":true,"valueName":"search_term_string"}}],"inLanguage":"de"},{"@type":"Organization","@id":"https:\/\/easytexpro.com\/de\/#organization","name":"Easytex Pro","url":"https:\/\/easytexpro.com\/de\/","logo":{"@type":"ImageObject","inLanguage":"de","@id":"https:\/\/easytexpro.com\/de\/#\/schema\/logo\/image\/","url":"https:\/\/easytexpro.com\/wp-content\/uploads\/2024\/02\/logo-easytexpro.png","contentUrl":"https:\/\/easytexpro.com\/wp-content\/uploads\/2024\/02\/logo-easytexpro.png","width":2407,"height":537,"caption":"Easytex Pro"},"image":{"@id":"https:\/\/easytexpro.com\/de\/#\/schema\/logo\/image\/"},"sameAs":["https:\/\/www.linkedin.com\/showcase\/easytex-international\/posts\/?feedView=all"]}]}},"_links":{"self":[{"href":"https:\/\/easytexpro.com\/de\/wp-json\/wp\/v2\/pages\/1497","targetHints":{"allow":["GET"]}}],"collection":[{"href":"https:\/\/easytexpro.com\/de\/wp-json\/wp\/v2\/pages"}],"about":[{"href":"https:\/\/easytexpro.com\/de\/wp-json\/wp\/v2\/types\/page"}],"author":[{"embeddable":true,"href":"https:\/\/easytexpro.com\/de\/wp-json\/wp\/v2\/users\/1"}],"replies":[{"embeddable":true,"href":"https:\/\/easytexpro.com\/de\/wp-json\/wp\/v2\/comments?post=1497"}],"version-history":[{"count":7,"href":"https:\/\/easytexpro.com\/de\/wp-json\/wp\/v2\/pages\/1497\/revisions"}],"predecessor-version":[{"id":2284,"href":"https:\/\/easytexpro.com\/de\/wp-json\/wp\/v2\/pages\/1497\/revisions\/2284"}],"wp:attachment":[{"href":"https:\/\/easytexpro.com\/de\/wp-json\/wp\/v2\/media?parent=1497"}],"curies":[{"name":"wp","href":"https:\/\/api.w.org\/{rel}","templated":true}]}}