{"id":1037,"date":"2024-02-13T11:41:31","date_gmt":"2024-02-13T10:41:31","guid":{"rendered":"https:\/\/easytexpro.com\/es\/?page_id=1037"},"modified":"2025-08-18T12:08:04","modified_gmt":"2025-08-18T10:08:04","slug":"easytex-noticias","status":"publish","type":"page","link":"https:\/\/easytexpro.com\/es\/easytex-noticias\/","title":{"rendered":"Noticias"},"content":{"rendered":"\t\t<div data-elementor-type=\"wp-page\" data-elementor-id=\"1037\" class=\"elementor elementor-1037 elementor-28\" data-elementor-post-type=\"page\">\n\t\t\t\t<div class=\"elementor-element elementor-element-19df205 e-flex e-con-boxed e-con e-parent\" data-id=\"19df205\" data-element_type=\"container\">\n\t\t\t\t\t<div class=\"e-con-inner\">\n\t\t\t\t<div class=\"elementor-element elementor-element-dd341c9 elementor-headline--style-highlight elementor-widget elementor-widget-animated-headline\" data-id=\"dd341c9\" data-element_type=\"widget\" data-settings=\"{&quot;marker&quot;:&quot;underline_zigzag&quot;,&quot;highlighted_text&quot;:&quot;Easytex&quot;,&quot;headline_style&quot;:&quot;highlight&quot;,&quot;highlight_animation_duration&quot;:1200}\" data-widget_type=\"animated-headline.default\">\n\t\t\t\t<div class=\"elementor-widget-container\">\n\t\t\t\t\t\t\t<h3 class=\"elementor-headline\">\n\t\t\t\t\t<span class=\"elementor-headline-plain-text elementor-headline-text-wrapper\">\u00daltimas noticias de<\/span>\n\t\t\t\t<span class=\"elementor-headline-dynamic-wrapper elementor-headline-text-wrapper\">\n\t\t\t\t\t<span class=\"elementor-headline-dynamic-text elementor-headline-text-active\">Easytex<\/span>\n\t\t\t\t<\/span>\n\t\t\t\t<\/h3>\n\t\t\t\t\t\t<\/div>\n\t\t\t\t<\/div>\n\t\t\t\t\t<\/div>\n\t\t\t\t<\/div>\n\t\t<div class=\"elementor-element elementor-element-b3388f3 e-flex e-con-boxed e-con e-parent\" data-id=\"b3388f3\" data-element_type=\"container\">\n\t\t\t\t\t<div class=\"e-con-inner\">\n\t\t\t\t<div class=\"elementor-element elementor-element-a891545 elementor-widget elementor-widget-heading\" data-id=\"a891545\" data-element_type=\"widget\" data-widget_type=\"heading.default\">\n\t\t\t\t<div class=\"elementor-widget-container\">\n\t\t\t\t\t<span class=\"elementor-heading-title elementor-size-default\">Bienvenido a Easytex News: un recurso confiable para informaci\u00f3n sobre impresi\u00f3n textil\n\nEn Easytex News, ofrecemos informaci\u00f3n confiable para quienes trabajan en la impresi\u00f3n textil. Ya sea que busque consejos de expertos, seguir las tendencias en personalizaci\u00f3n de prendas o explorar diversas t\u00e9cnicas de impresi\u00f3n, nuestro blog est\u00e1 aqu\u00ed para apoyar su crecimiento.<br \/>\n\nPublicamos art\u00edculos bien investigados, gu\u00edas pr\u00e1cticas, estudios de caso detallados e informaci\u00f3n relevante de la industria. Estos recursos est\u00e1n dise\u00f1ados para perfeccionar sus pr\u00e1cticas de impresi\u00f3n textil y mantenerlo actualizado sobre los desarrollos clave del sector. Tanto si es un profesional experimentado como si est\u00e1 comenzando, Easytex News ofrece contenido valioso para todos: dise\u00f1adores de moda, propietarios de negocios textiles y entusiastas de la personalizaci\u00f3n de prendas.\n\nNuestros art\u00edculos seleccionados tienen como objetivo aportar valor a su trabajo y profundizar su comprensi\u00f3n del mundo de la impresi\u00f3n textil.<\/span>\t\t\t\t<\/div>\n\t\t\t\t<\/div>\n\t\t\t\t<div class=\"elementor-element elementor-element-d0cfebd elementor-grid-3 elementor-grid-tablet-2 elementor-grid-mobile-1 elementor-posts--thumbnail-top elementor-card-shadow-yes elementor-posts__hover-gradient elementor-widget elementor-widget-posts\" data-id=\"d0cfebd\" data-element_type=\"widget\" data-settings=\"{&quot;cards_columns&quot;:&quot;3&quot;,&quot;cards_columns_tablet&quot;:&quot;2&quot;,&quot;cards_columns_mobile&quot;:&quot;1&quot;,&quot;cards_row_gap&quot;:{&quot;unit&quot;:&quot;px&quot;,&quot;size&quot;:35,&quot;sizes&quot;:[]},&quot;cards_row_gap_tablet&quot;:{&quot;unit&quot;:&quot;px&quot;,&quot;size&quot;:&quot;&quot;,&quot;sizes&quot;:[]},&quot;cards_row_gap_mobile&quot;:{&quot;unit&quot;:&quot;px&quot;,&quot;size&quot;:&quot;&quot;,&quot;sizes&quot;:[]}}\" data-widget_type=\"posts.cards\">\n\t\t\t\t<div class=\"elementor-widget-container\">\n\t\t\t\t\t\t\t<div class=\"elementor-posts-container elementor-posts elementor-posts--skin-cards elementor-grid\" role=\"list\">\n\t\t\t\t<article class=\"elementor-post elementor-grid-item post-1053 post type-post status-publish format-standard has-post-thumbnail hentry category-producto\" role=\"listitem\">\n\t\t\t<div class=\"elementor-post__card\">\n\t\t\t\t<a class=\"elementor-post__thumbnail__link\" href=\"https:\/\/easytexpro.com\/es\/2024\/08\/28\/easytex-pro-una-oportunidad-para-los-profesionales-de-la-hosteleria\/\" tabindex=\"-1\" ><div class=\"elementor-post__thumbnail\"><img fetchpriority=\"high\" decoding=\"async\" width=\"300\" height=\"300\" src=\"https:\/\/easytexpro.com\/wp-content\/uploads\/2024\/09\/customized-products-jpeg-300x300.jpg\" class=\"attachment-medium size-medium wp-image-1194\" alt=\"Easytex hospitality bedding\" srcset=\"https:\/\/easytexpro.com\/wp-content\/uploads\/2024\/09\/customized-products-jpeg-300x300.jpg 300w, https:\/\/easytexpro.com\/wp-content\/uploads\/2024\/09\/customized-products-jpeg-150x150.jpg 150w, https:\/\/easytexpro.com\/wp-content\/uploads\/2024\/09\/customized-products-jpeg-768x768.jpg 768w, https:\/\/easytexpro.com\/wp-content\/uploads\/2024\/09\/customized-products-jpeg.jpg 803w\" sizes=\"(max-width: 300px) 100vw, 300px\" \/><\/div><\/a>\n\t\t\t\t<div class=\"elementor-post__badge\">Producto<\/div>\n\t\t\t\t<div class=\"elementor-post__text\">\n\t\t\t\t<h3 class=\"elementor-post__title\">\n\t\t\t<a href=\"https:\/\/easytexpro.com\/es\/2024\/08\/28\/easytex-pro-una-oportunidad-para-los-profesionales-de-la-hosteleria\/\" >\n\t\t\t\tOportunidad para el sector hostelero\t\t\t<\/a>\n\t\t<\/h3>\n\t\t\t\t<div class=\"elementor-post__excerpt\">\n\t\t\t<p>In the highly competitive hospitality industry, every detail counts when it comes to providing an exceptional guest experience. That&#8217;s why we&#8217;re proud to offer our customizable products. Whether you&#8217;re managing a hotel, B&amp;B, or campsite, our customizable products\u2014such as towels, slippers, bedding, and other hospitality essentials\u2014can bring a unique touch<\/p>\n\t\t<\/div>\n\t\t\t\t\t<div class=\"elementor-post__read-more-wrapper\">\n\t\t\n\t\t<a class=\"elementor-post__read-more\" href=\"https:\/\/easytexpro.com\/es\/2024\/08\/28\/easytex-pro-una-oportunidad-para-los-profesionales-de-la-hosteleria\/\" aria-label=\"M\u00e1s informaci\u00f3n sobre Oportunidad para el sector hostelero\" tabindex=\"-1\" >\n\t\t\tSeguir leyendo \t\t<\/a>\n\n\t\t\t\t\t<\/div>\n\t\t\t\t<\/div>\n\t\t\t\t<div class=\"elementor-post__meta-data\">\n\t\t\t\t\t<span class=\"elementor-post-date\">\n\t\t\t28 agosto 2024\t\t<\/span>\n\t\t\t\t<\/div>\n\t\t\t\t\t<\/div>\n\t\t<\/article>\n\t\t\t\t<article class=\"elementor-post elementor-grid-item post-1215 post type-post status-publish format-standard has-post-thumbnail hentry category-camping\" role=\"listitem\">\n\t\t\t<div class=\"elementor-post__card\">\n\t\t\t\t<a class=\"elementor-post__thumbnail__link\" href=\"https:\/\/easytexpro.com\/es\/2024\/07\/15\/camping-save-time-and-manage-guest-turnover-with-easytex-pro-solutions\/\" tabindex=\"-1\" ><div class=\"elementor-post__thumbnail\"><img decoding=\"async\" width=\"300\" height=\"300\" data-src=\"https:\/\/easytexpro.com\/wp-content\/uploads\/2024\/07\/20240711_MH-pour-article-camping-1-300x300.jpg\" class=\"attachment-medium size-medium wp-image-953 lazyload\" alt=\"Easytex solutions\" data-srcset=\"https:\/\/easytexpro.com\/wp-content\/uploads\/2024\/07\/20240711_MH-pour-article-camping-1-300x300.jpg 300w, https:\/\/easytexpro.com\/wp-content\/uploads\/2024\/07\/20240711_MH-pour-article-camping-1-1019x1024.jpg 1019w, https:\/\/easytexpro.com\/wp-content\/uploads\/2024\/07\/20240711_MH-pour-article-camping-1-150x150.jpg 150w, https:\/\/easytexpro.com\/wp-content\/uploads\/2024\/07\/20240711_MH-pour-article-camping-1-2038x2048.jpg 2038w\" data-sizes=\"(max-width: 300px) 100vw, 300px\" src=\"data:image\/svg+xml;base64,PHN2ZyB3aWR0aD0iMSIgaGVpZ2h0PSIxIiB4bWxucz0iaHR0cDovL3d3dy53My5vcmcvMjAwMC9zdmciPjwvc3ZnPg==\" style=\"--smush-placeholder-width: 300px; --smush-placeholder-aspect-ratio: 300\/300;\" \/><\/div><\/a>\n\t\t\t\t<div class=\"elementor-post__badge\">Camping<\/div>\n\t\t\t\t<div class=\"elementor-post__text\">\n\t\t\t\t<h3 class=\"elementor-post__title\">\n\t\t\t<a href=\"https:\/\/easytexpro.com\/es\/2024\/07\/15\/camping-save-time-and-manage-guest-turnover-with-easytex-pro-solutions\/\" >\n\t\t\t\tEasytex pro: optimiza la gesti\u00f3n de tus hu\u00e9spedes\t\t\t<\/a>\n\t\t<\/h3>\n\t\t\t\t<div class=\"elementor-post__excerpt\">\n\t\t\t<p>Effective campsite management hinges on balancing efficiency and guest satisfaction. As a campsite owner, ensuring the comfort of your guests while efficiently managing guest turnover is paramount. With Easytex, you can access high-quality bedding solutions specifically designed for campsites. Easytex products help save time, streamline guest turnover, and provide a\t\t<\/div>\n\t\t\t\t\t<div class=\"elementor-post__read-more-wrapper\">\n\t\t\n\t\t<a class=\"elementor-post__read-more\" href=\"https:\/\/easytexpro.com\/es\/2024\/07\/15\/camping-save-time-and-manage-guest-turnover-with-easytex-pro-solutions\/\" aria-label=\"M\u00e1s informaci\u00f3n sobre Easytex pro: optimiza la gesti\u00f3n de tus hu\u00e9spedes\" tabindex=\"-1\" >\n\t\t\tSeguir leyendo \t\t<\/a>\n\n\t\t\t\t\t<\/div>\n\t\t\t\t<\/div>\n\t\t\t\t<div class=\"elementor-post__meta-data\">\n\t\t\t\t\t<span class=\"elementor-post-date\">\n\t\t\t15 julio 2024\t\t<\/span>\n\t\t\t\t<\/div>\n\t\t\t\t\t<\/div>\n\t\t<\/article>\n\t\t\t\t<\/div>\n\t\t\n\t\t\t\t\t\t<\/div>\n\t\t\t\t<\/div>\n\t\t\t\t\t<\/div>\n\t\t\t\t<\/div>\n\t\t<div class=\"elementor-element elementor-element-73fefd9 e-flex e-con-boxed e-con e-parent\" data-id=\"73fefd9\" data-element_type=\"container\">\n\t\t\t\t\t<div class=\"e-con-inner\">\n\t\t\t\t\t<\/div>\n\t\t\t\t<\/div>\n\t\t\t\t<\/div>\n\t\t","protected":false},"excerpt":{"rendered":"<p>\u00daltimas noticias de Easytex Bienvenido a Easytex News: un recurso confiable para informaci\u00f3n sobre impresi\u00f3n textil En Easytex News, ofrecemos informaci\u00f3n confiable para quienes trabajan en la impresi\u00f3n textil. Ya sea que busque consejos de expertos, seguir las tendencias en personalizaci\u00f3n de prendas o explorar diversas t\u00e9cnicas de impresi\u00f3n, nuestro blog est\u00e1 aqu\u00ed para apoyar [&hellip;]<\/p>\n","protected":false},"author":7,"featured_media":0,"parent":0,"menu_order":0,"comment_status":"closed","ping_status":"closed","template":"","meta":{"footnotes":""},"class_list":["post-1037","page","type-page","status-publish","hentry"],"yoast_head":"<!-- This site is optimized with the Yoast SEO plugin v26.8 - https:\/\/yoast.com\/product\/yoast-seo-wordpress\/ -->\n<title>Easytex pro | Noticias -<\/title>\n<meta name=\"description\" content=\"Easytex News: consejos, tendencias y gu\u00edas sobre impresi\u00f3n textil para profesionales y entusiastas de la personalizaci\u00f3n de prendas.\" \/>\n<meta name=\"robots\" content=\"index, follow, max-snippet:-1, max-image-preview:large, max-video-preview:-1\" \/>\n<link rel=\"canonical\" href=\"https:\/\/easytexpro.com\/es\/easytex-noticias\/\" \/>\n<meta property=\"og:locale\" content=\"es_ES\" \/>\n<meta property=\"og:type\" content=\"article\" \/>\n<meta property=\"og:title\" content=\"Easytex pro | Noticias -\" \/>\n<meta property=\"og:description\" content=\"Easytex News: consejos, tendencias y gu\u00edas sobre impresi\u00f3n textil para profesionales y entusiastas de la personalizaci\u00f3n de prendas.\" \/>\n<meta property=\"og:url\" content=\"https:\/\/easytexpro.com\/es\/easytex-noticias\/\" \/>\n<meta property=\"og:site_name\" content=\"Easytex Pro\" \/>\n<meta property=\"article:modified_time\" content=\"2025-08-18T10:08:04+00:00\" \/>\n<meta name=\"twitter:card\" content=\"summary_large_image\" \/>\n<meta name=\"twitter:label1\" content=\"Tiempo de lectura\" \/>\n\t<meta name=\"twitter:data1\" content=\"2 minutos\" \/>\n<script type=\"application\/ld+json\" class=\"yoast-schema-graph\">{\"@context\":\"https:\/\/schema.org\",\"@graph\":[{\"@type\":\"WebPage\",\"@id\":\"https:\/\/easytexpro.com\/es\/easytex-noticias\/\",\"url\":\"https:\/\/easytexpro.com\/es\/easytex-noticias\/\",\"name\":\"Easytex pro | Noticias -\",\"isPartOf\":{\"@id\":\"https:\/\/easytexpro.com\/es\/#website\"},\"datePublished\":\"2024-02-13T10:41:31+00:00\",\"dateModified\":\"2025-08-18T10:08:04+00:00\",\"description\":\"Easytex News: consejos, tendencias y gu\u00edas sobre impresi\u00f3n textil para profesionales y entusiastas de la personalizaci\u00f3n de prendas.\",\"breadcrumb\":{\"@id\":\"https:\/\/easytexpro.com\/es\/easytex-noticias\/#breadcrumb\"},\"inLanguage\":\"es\",\"potentialAction\":[{\"@type\":\"ReadAction\",\"target\":[\"https:\/\/easytexpro.com\/es\/easytex-noticias\/\"]}]},{\"@type\":\"BreadcrumbList\",\"@id\":\"https:\/\/easytexpro.com\/es\/easytex-noticias\/#breadcrumb\",\"itemListElement\":[{\"@type\":\"ListItem\",\"position\":1,\"name\":\"Accueil\",\"item\":\"https:\/\/easytexpro.com\/es\/\"},{\"@type\":\"ListItem\",\"position\":2,\"name\":\"Noticias\"}]},{\"@type\":\"WebSite\",\"@id\":\"https:\/\/easytexpro.com\/es\/#website\",\"url\":\"https:\/\/easytexpro.com\/es\/\",\"name\":\"Easytex Pro\",\"description\":\"Welcome Simplicity\",\"publisher\":{\"@id\":\"https:\/\/easytexpro.com\/es\/#organization\"},\"potentialAction\":[{\"@type\":\"SearchAction\",\"target\":{\"@type\":\"EntryPoint\",\"urlTemplate\":\"https:\/\/easytexpro.com\/es\/?s={search_term_string}\"},\"query-input\":{\"@type\":\"PropertyValueSpecification\",\"valueRequired\":true,\"valueName\":\"search_term_string\"}}],\"inLanguage\":\"es\"},{\"@type\":\"Organization\",\"@id\":\"https:\/\/easytexpro.com\/es\/#organization\",\"name\":\"Easytex Pro\",\"url\":\"https:\/\/easytexpro.com\/es\/\",\"logo\":{\"@type\":\"ImageObject\",\"inLanguage\":\"es\",\"@id\":\"https:\/\/easytexpro.com\/es\/#\/schema\/logo\/image\/\",\"url\":\"https:\/\/easytexpro.com\/wp-content\/uploads\/2024\/02\/logo-easytexpro.png\",\"contentUrl\":\"https:\/\/easytexpro.com\/wp-content\/uploads\/2024\/02\/logo-easytexpro.png\",\"width\":2407,\"height\":537,\"caption\":\"Easytex Pro\"},\"image\":{\"@id\":\"https:\/\/easytexpro.com\/es\/#\/schema\/logo\/image\/\"},\"sameAs\":[\"https:\/\/www.linkedin.com\/showcase\/easytex-international\/posts\/?feedView=all\"]}]}<\/script>\n<!-- \/ Yoast SEO plugin. -->","yoast_head_json":{"title":"Easytex pro | Noticias -","description":"Easytex News: consejos, tendencias y gu\u00edas sobre impresi\u00f3n textil para profesionales y entusiastas de la personalizaci\u00f3n de prendas.","robots":{"index":"index","follow":"follow","max-snippet":"max-snippet:-1","max-image-preview":"max-image-preview:large","max-video-preview":"max-video-preview:-1"},"canonical":"https:\/\/easytexpro.com\/es\/easytex-noticias\/","og_locale":"es_ES","og_type":"article","og_title":"Easytex pro | Noticias -","og_description":"Easytex News: consejos, tendencias y gu\u00edas sobre impresi\u00f3n textil para profesionales y entusiastas de la personalizaci\u00f3n de prendas.","og_url":"https:\/\/easytexpro.com\/es\/easytex-noticias\/","og_site_name":"Easytex Pro","article_modified_time":"2025-08-18T10:08:04+00:00","twitter_card":"summary_large_image","twitter_misc":{"Tiempo de lectura":"2 minutos"},"schema":{"@context":"https:\/\/schema.org","@graph":[{"@type":"WebPage","@id":"https:\/\/easytexpro.com\/es\/easytex-noticias\/","url":"https:\/\/easytexpro.com\/es\/easytex-noticias\/","name":"Easytex pro | Noticias -","isPartOf":{"@id":"https:\/\/easytexpro.com\/es\/#website"},"datePublished":"2024-02-13T10:41:31+00:00","dateModified":"2025-08-18T10:08:04+00:00","description":"Easytex News: consejos, tendencias y gu\u00edas sobre impresi\u00f3n textil para profesionales y entusiastas de la personalizaci\u00f3n de prendas.","breadcrumb":{"@id":"https:\/\/easytexpro.com\/es\/easytex-noticias\/#breadcrumb"},"inLanguage":"es","potentialAction":[{"@type":"ReadAction","target":["https:\/\/easytexpro.com\/es\/easytex-noticias\/"]}]},{"@type":"BreadcrumbList","@id":"https:\/\/easytexpro.com\/es\/easytex-noticias\/#breadcrumb","itemListElement":[{"@type":"ListItem","position":1,"name":"Accueil","item":"https:\/\/easytexpro.com\/es\/"},{"@type":"ListItem","position":2,"name":"Noticias"}]},{"@type":"WebSite","@id":"https:\/\/easytexpro.com\/es\/#website","url":"https:\/\/easytexpro.com\/es\/","name":"Easytex Pro","description":"Welcome Simplicity","publisher":{"@id":"https:\/\/easytexpro.com\/es\/#organization"},"potentialAction":[{"@type":"SearchAction","target":{"@type":"EntryPoint","urlTemplate":"https:\/\/easytexpro.com\/es\/?s={search_term_string}"},"query-input":{"@type":"PropertyValueSpecification","valueRequired":true,"valueName":"search_term_string"}}],"inLanguage":"es"},{"@type":"Organization","@id":"https:\/\/easytexpro.com\/es\/#organization","name":"Easytex Pro","url":"https:\/\/easytexpro.com\/es\/","logo":{"@type":"ImageObject","inLanguage":"es","@id":"https:\/\/easytexpro.com\/es\/#\/schema\/logo\/image\/","url":"https:\/\/easytexpro.com\/wp-content\/uploads\/2024\/02\/logo-easytexpro.png","contentUrl":"https:\/\/easytexpro.com\/wp-content\/uploads\/2024\/02\/logo-easytexpro.png","width":2407,"height":537,"caption":"Easytex Pro"},"image":{"@id":"https:\/\/easytexpro.com\/es\/#\/schema\/logo\/image\/"},"sameAs":["https:\/\/www.linkedin.com\/showcase\/easytex-international\/posts\/?feedView=all"]}]}},"_links":{"self":[{"href":"https:\/\/easytexpro.com\/es\/wp-json\/wp\/v2\/pages\/1037","targetHints":{"allow":["GET"]}}],"collection":[{"href":"https:\/\/easytexpro.com\/es\/wp-json\/wp\/v2\/pages"}],"about":[{"href":"https:\/\/easytexpro.com\/es\/wp-json\/wp\/v2\/types\/page"}],"author":[{"embeddable":true,"href":"https:\/\/easytexpro.com\/es\/wp-json\/wp\/v2\/users\/7"}],"replies":[{"embeddable":true,"href":"https:\/\/easytexpro.com\/es\/wp-json\/wp\/v2\/comments?post=1037"}],"version-history":[{"count":13,"href":"https:\/\/easytexpro.com\/es\/wp-json\/wp\/v2\/pages\/1037\/revisions"}],"predecessor-version":[{"id":2239,"href":"https:\/\/easytexpro.com\/es\/wp-json\/wp\/v2\/pages\/1037\/revisions\/2239"}],"wp:attachment":[{"href":"https:\/\/easytexpro.com\/es\/wp-json\/wp\/v2\/media?parent=1037"}],"curies":[{"name":"wp","href":"https:\/\/api.w.org\/{rel}","templated":true}]}}