{"id":1516,"date":"2024-02-05T14:25:32","date_gmt":"2024-02-05T13:25:32","guid":{"rendered":"https:\/\/easytexpro.com\/aviso-legal\/"},"modified":"2025-08-11T10:33:52","modified_gmt":"2025-08-11T08:33:52","slug":"aviso-legal","status":"publish","type":"page","link":"https:\/\/easytexpro.com\/es\/aviso-legal\/","title":{"rendered":"Aviso legal"},"content":{"rendered":"\t\t<div data-elementor-type=\"wp-page\" data-elementor-id=\"1516\" class=\"elementor elementor-1516 elementor-3\" data-elementor-post-type=\"page\">\n\t\t\t\t<div class=\"elementor-element elementor-element-373bdb82 e-flex e-con-boxed e-con e-parent\" data-id=\"373bdb82\" data-element_type=\"container\">\n\t\t\t\t\t<div class=\"e-con-inner\">\n\t\t\t\t<div class=\"elementor-element elementor-element-169210e elementor-widget elementor-widget-heading\" data-id=\"169210e\" data-element_type=\"widget\" data-widget_type=\"heading.default\">\n\t\t\t\t<div class=\"elementor-widget-container\">\n\t\t\t\t\t<h1 class=\"elementor-heading-title elementor-size-default\">Aviso legal, privacidad y cookies<\/h1>\t\t\t\t<\/div>\n\t\t\t\t<\/div>\n\t\t\t\t<div class=\"elementor-element elementor-element-523d625 elementor-widget elementor-widget-heading\" data-id=\"523d625\" data-element_type=\"widget\" data-widget_type=\"heading.default\">\n\t\t\t\t<div class=\"elementor-widget-container\">\n\t\t\t\t\t<h2 class=\"elementor-heading-title elementor-size-default\">Editor del sitio<\/h2>\t\t\t\t<\/div>\n\t\t\t\t<\/div>\n\t\t\t\t<div class=\"elementor-element elementor-element-4a980cc elementor-widget elementor-widget-text-editor\" data-id=\"4a980cc\" data-element_type=\"widget\" data-widget_type=\"text-editor.default\">\n\t\t\t\t<div class=\"elementor-widget-container\">\n\t\t\t\t\t\t\t\t\t<p>Por favor, lea atentamente el <strong data-start=\"158\" data-end=\"174\">Aviso Legal<\/strong> y las distintas condiciones de uso de este sitio antes de navegar por sus p\u00e1ginas. Al acceder a este sitio, usted acepta dichas condiciones sin reservas. Asimismo, de conformidad con el art\u00edculo 6 de la Ley francesa n.\u00ba 2004-575 de 21 de junio de 2004, relativa a la confianza en la econom\u00eda digital, las personas responsables de este sitio web figuran en el <strong data-start=\"534\" data-end=\"550\">Aviso Legal<\/strong>.  <\/p>\t\t\t\t\t\t\t\t<\/div>\n\t\t\t\t<\/div>\n\t\t\t\t<div class=\"elementor-element elementor-element-62cab87 elementor-widget elementor-widget-text-editor\" data-id=\"62cab87\" data-element_type=\"widget\" data-widget_type=\"text-editor.default\">\n\t\t\t\t<div class=\"elementor-widget-container\">\n\t\t\t\t\t\t\t\t\t<p>Easytex by SUBRENAT <\/p>\n<p>N\u00famero de IVA:\u202fFR 21380282780<\/p>\n<p>91 rue de l\u2019\u00e9pinette, 59420 Mouvaux, France <\/p>\n<p>N\u00famero de tel\u00e9fono :\u202f0320116366 <\/p>\n<p>Correo electr\u00f3nico :\u202f easy-export@subrenat.com <\/p>\n<p>Sitio web :\u202fwww.easytexpro.com <\/p>\t\t\t\t\t\t\t\t<\/div>\n\t\t\t\t<\/div>\n\t\t\t\t<div class=\"elementor-element elementor-element-a1980e7 elementor-widget elementor-widget-heading\" data-id=\"a1980e7\" data-element_type=\"widget\" data-widget_type=\"heading.default\">\n\t\t\t\t<div class=\"elementor-widget-container\">\n\t\t\t\t\t<h2 class=\"elementor-heading-title elementor-size-default\">Hosting<\/h2>\t\t\t\t<\/div>\n\t\t\t\t<\/div>\n\t\t\t\t<div class=\"elementor-element elementor-element-6579b97 elementor-widget elementor-widget-text-editor\" data-id=\"6579b97\" data-element_type=\"widget\" data-widget_type=\"text-editor.default\">\n\t\t\t\t<div class=\"elementor-widget-container\">\n\t\t\t\t\t\t\t\t\t<p>Compa\u00f1\u00eda de hosting: OVH <\/p><p>Sede principal: 2 rue Kellerman, 59100 Roubaix, Francia <\/p><p>Hemos reservado el nombre de dominio conforme a las disposiciones legales aplicables.<\/p>\t\t\t\t\t\t\t\t<\/div>\n\t\t\t\t<\/div>\n\t\t\t\t<div class=\"elementor-element elementor-element-eb6d818 elementor-widget elementor-widget-heading\" data-id=\"eb6d818\" data-element_type=\"widget\" data-widget_type=\"heading.default\">\n\t\t\t\t<div class=\"elementor-widget-container\">\n\t\t\t\t\t<h2 class=\"elementor-heading-title elementor-size-default\">Desarrollo<\/h2>\t\t\t\t<\/div>\n\t\t\t\t<\/div>\n\t\t\t\t<div class=\"elementor-element elementor-element-97f8a23 elementor-widget elementor-widget-text-editor\" data-id=\"97f8a23\" data-element_type=\"widget\" data-widget_type=\"text-editor.default\">\n\t\t\t\t<div class=\"elementor-widget-container\">\n\t\t\t\t\t\t\t\t\t<p>Desarrollo: Marie Fauquembergue (Artiboun)<\/p>\n<p>Correo :\u202f artiboun.design@gmail.com<\/p>\t\t\t\t\t\t\t\t<\/div>\n\t\t\t\t<\/div>\n\t\t\t\t<div class=\"elementor-element elementor-element-26cbf57 elementor-widget elementor-widget-heading\" data-id=\"26cbf57\" data-element_type=\"widget\" data-widget_type=\"heading.default\">\n\t\t\t\t<div class=\"elementor-widget-container\">\n\t\t\t\t\t<h2 class=\"elementor-heading-title elementor-size-default\">T\u00e9rminos y condiciones de uso<\/h2>\t\t\t\t<\/div>\n\t\t\t\t<\/div>\n\t\t\t\t<div class=\"elementor-element elementor-element-92bd85c elementor-widget elementor-widget-text-editor\" data-id=\"92bd85c\" data-element_type=\"widget\" data-widget_type=\"text-editor.default\">\n\t\t\t\t<div class=\"elementor-widget-container\">\n\t\t\t\t\t\t\t\t\t<p>El sitio web <strong><a href=\"http:\/\/www.easytexpro.com\/\">www.easytexpro.com<\/a><\/strong> est\u00e1 disponible en varios lenguajes web (HTML, HTML5, CSS, etc.) para mejorar la comodidad del usuario y ofrecer un dise\u00f1o gr\u00e1fico m\u00e1s agradable. Para una mejor experiencia de navegaci\u00f3n, recomendamos utilizar navegadores modernos como Firefox, Google Chrome, etc. <\/p><p>SUBRENAT se esfuerza por garantizar la exactitud y la actualizaci\u00f3n peri\u00f3dica de la informaci\u00f3n en sus sitios web. No obstante, pueden producirse errores u omisiones. Los usuarios deben verificar la informaci\u00f3n con SUBRENAT y comunicar cualquier modificaci\u00f3n necesaria. Estos datos tambi\u00e9n est\u00e1n sujetos al <strong>Aviso Legal<\/strong> del sitio. SUBRENAT no se hace responsable del uso que se haga de esta informaci\u00f3n ni de las consecuencias directas o indirectas que puedan derivarse de ella.    <\/p>\t\t\t\t\t\t\t\t<\/div>\n\t\t\t\t<\/div>\n\t\t\t\t<div class=\"elementor-element elementor-element-7cfd6ad elementor-widget elementor-widget-heading\" data-id=\"7cfd6ad\" data-element_type=\"widget\" data-widget_type=\"heading.default\">\n\t\t\t\t<div class=\"elementor-widget-container\">\n\t\t\t\t\t<h2 class=\"elementor-heading-title elementor-size-default\">Cookies<\/h2>\t\t\t\t<\/div>\n\t\t\t\t<\/div>\n\t\t\t\t<div class=\"elementor-element elementor-element-24ae508 elementor-widget elementor-widget-text-editor\" data-id=\"24ae508\" data-element_type=\"widget\" data-widget_type=\"text-editor.default\">\n\t\t\t\t<div class=\"elementor-widget-container\">\n\t\t\t\t\t\t\t\t\t<p>The site \u202fwww.easytexpro.com\u202fmay ask you to accept cookies for statistical and display purposes. A cookie is a piece of information deposited on your hard disk by the server of the site you are visiting. It contains several data that are stored on your computer in a simple text file that a server accesses to read and record information. Some parts of this site cannot be functional without accepting cookies.   <\/p>\t\t\t\t\t\t\t\t<\/div>\n\t\t\t\t<\/div>\n\t\t\t\t<div class=\"elementor-element elementor-element-e2699b2 elementor-widget elementor-widget-heading\" data-id=\"e2699b2\" data-element_type=\"widget\" data-widget_type=\"heading.default\">\n\t\t\t\t<div class=\"elementor-widget-container\">\n\t\t\t\t\t<h2 class=\"elementor-heading-title elementor-size-default\">Enlaces hipertexto<\/h2>\t\t\t\t<\/div>\n\t\t\t\t<\/div>\n\t\t\t\t<div class=\"elementor-element elementor-element-a9786e0 elementor-widget elementor-widget-text-editor\" data-id=\"a9786e0\" data-element_type=\"widget\" data-widget_type=\"text-editor.default\">\n\t\t\t\t<div class=\"elementor-widget-container\">\n\t\t\t\t\t\t\t\t\t<p>El sitio web www.easytexpro.com, as\u00ed como los sitios afiliados de las diferentes actividades (www.subrenat.com, www.easytexshop.com), pueden ofrecer enlaces a otros sitios web u otros recursos disponibles en Internet. SUBRENAT no dispone de medios para controlar los sitios conectados a estos diferentes sitios web. SUBRENAT no se hace responsable ni garantiza la disponibilidad de dichos sitios y fuentes externas. No podr\u00e1 ser considerada responsable de ning\u00fan da\u00f1o, sea cual sea su naturaleza, derivado del contenido de estos sitios o fuentes externas, y en particular de la informaci\u00f3n, productos o servicios que ofrecen, ni del uso que pueda hacerse de estos elementos. Los riesgos relacionados con dicho uso corren enteramente por cuenta del usuario de Internet, quien debe cumplir con sus condiciones de uso.     <\/p><p>Los usuarios, suscriptores y visitantes de los sitios web no pueden establecer un hiperv\u00ednculo hacia este sitio sin la autorizaci\u00f3n previa y expresa de SUBRENAT. En el caso de que un usuario o visitante desee establecer un hiperv\u00ednculo hacia uno de los sitios web de SUBRENAT, ser\u00e1 su responsabilidad enviar un correo electr\u00f3nico accesible desde el sitio para formular su solicitud de establecimiento de dicho hiperv\u00ednculo. SUBRENAT se reserva el derecho de aceptar o rechazar un hiperv\u00ednculo sin tener que justificar su decisi\u00f3n.  <\/p>\t\t\t\t\t\t\t\t<\/div>\n\t\t\t\t<\/div>\n\t\t\t\t<div class=\"elementor-element elementor-element-9bbc80a elementor-widget elementor-widget-heading\" data-id=\"9bbc80a\" data-element_type=\"widget\" data-widget_type=\"heading.default\">\n\t\t\t\t<div class=\"elementor-widget-container\">\n\t\t\t\t\t<h2 class=\"elementor-heading-title elementor-size-default\">Servicios prestados<\/h2>\t\t\t\t<\/div>\n\t\t\t\t<\/div>\n\t\t\t\t<div class=\"elementor-element elementor-element-e062b9d elementor-widget elementor-widget-text-editor\" data-id=\"e062b9d\" data-element_type=\"widget\" data-widget_type=\"text-editor.default\">\n\t\t\t\t<div class=\"elementor-widget-container\">\n\t\t\t\t\t\t\t\t\t<p> <\/p><p>Todas las actividades e informaci\u00f3n de la empresa est\u00e1n disponibles en nuestro sitio web, <strong><a href=\"http:\/\/www.easytexpro.com\/\">www.easytexpro.com<\/a><\/strong>.<\/p><p><strong>SUBRENAT<\/strong> se esfuerza por ofrecer informaci\u00f3n precisa en el sitio web <strong><a href=\"http:\/\/www.easytexpro.com\/\">www.easytexpro.com<\/a><\/strong>. No obstante, la informaci\u00f3n no es exhaustiva y las fotos no tienen car\u00e1cter contractual. Pueden estar sujetas a cambios realizados desde su publicaci\u00f3n. Adem\u00e1s, toda la informaci\u00f3n del sitio web tiene \u00fanicamente car\u00e1cter informativo y puede modificarse sin previo aviso.   <\/p>\t\t\t\t\t\t\t\t<\/div>\n\t\t\t\t<\/div>\n\t\t\t\t<div class=\"elementor-element elementor-element-acde93c elementor-widget elementor-widget-heading\" data-id=\"acde93c\" data-element_type=\"widget\" data-widget_type=\"heading.default\">\n\t\t\t\t<div class=\"elementor-widget-container\">\n\t\t\t\t\t<h2 class=\"elementor-heading-title elementor-size-default\">Limitaciones contractuales de datos<\/h2>\t\t\t\t<\/div>\n\t\t\t\t<\/div>\n\t\t\t\t<div class=\"elementor-element elementor-element-2bc8639 elementor-widget elementor-widget-text-editor\" data-id=\"2bc8639\" data-element_type=\"widget\" data-widget_type=\"text-editor.default\">\n\t\t\t\t<div class=\"elementor-widget-container\">\n\t\t\t\t\t\t\t\t\t<p>La informaci\u00f3n del sitio se actualiza ocasionalmente y puede contener inexactitudes. Si detecta errores o fallos, puede notificarlos por correo a easy\u2011export@subrenat.com, describiendo con detalle la incidencia (p\u00e1gina, tipo de equipo y navegador, etc.) <\/p>\t\t\t\t\t\t\t\t<\/div>\n\t\t\t\t<\/div>\n\t\t\t\t<div class=\"elementor-element elementor-element-a3738f3 elementor-widget elementor-widget-heading\" data-id=\"a3738f3\" data-element_type=\"widget\" data-widget_type=\"heading.default\">\n\t\t\t\t<div class=\"elementor-widget-container\">\n\t\t\t\t\t<h2 class=\"elementor-heading-title elementor-size-default\">Propiedad intelectual<\/h2>\t\t\t\t<\/div>\n\t\t\t\t<\/div>\n\t\t\t\t<div class=\"elementor-element elementor-element-6332cf8 elementor-widget elementor-widget-text-editor\" data-id=\"6332cf8\" data-element_type=\"widget\" data-widget_type=\"text-editor.default\">\n\t\t\t\t<div class=\"elementor-widget-container\">\n\t\t\t\t\t\t\t\t\t<p> <\/p><p>Todo el contenido del sitio web <strong><a href=\"http:\/\/www.easytexpro.com\/\">www.easytexpro.com<\/a><\/strong>, incluidos, entre otros, gr\u00e1ficos, im\u00e1genes, textos, v\u00eddeos, animaciones, sonidos, logotipos, GIF, iconos y la maquetaci\u00f3n, es propiedad exclusiva de la empresa. Se excluyen las marcas, logotipos y contenidos que pertenezcan a empresas asociadas o a sus autores. <\/p><p>Algunas im\u00e1genes y vectores provienen del sitio de recursos gr\u00e1ficos <strong><a href=\"http:\/\/www.thenounproject.com\/\">www.thenounproject.com<\/a><\/strong>.<\/p><p>La reproducci\u00f3n, distribuci\u00f3n, modificaci\u00f3n, adaptaci\u00f3n, retransmisi\u00f3n o publicaci\u00f3n, incluso parcial, de estos elementos est\u00e1 estrictamente prohibida sin el consentimiento expreso y por escrito de <strong>SUBRENAT<\/strong>. Cualquier uso no autorizado constituye una infracci\u00f3n sancionable seg\u00fan los art\u00edculos L.335-2 del C\u00f3digo de Propiedad Intelectual franc\u00e9s. El incumplimiento puede dar lugar a responsabilidades civiles y penales. Los titulares de los contenidos tambi\u00e9n podr\u00e1n emprender acciones legales.   <\/p><p>Cualquier contenido descargado se realiza bajo el propio riesgo y responsabilidad del usuario. <strong>SUBRENAT<\/strong> no se hace responsable de ning\u00fan da\u00f1o al ordenador del usuario ni de la p\u00e9rdida de datos resultante de las descargas. El usuario se compromete a acceder al sitio utilizando un equipo actualizado, libre de virus, y un navegador moderno y seguro. <\/p><p><strong>SUBRENAT<\/strong> no se hace responsable de los enlaces de hipertexto presentes en este sitio que conduzcan a otros recursos en Internet.<\/p>\t\t\t\t\t\t\t\t<\/div>\n\t\t\t\t<\/div>\n\t\t\t\t<div class=\"elementor-element elementor-element-d9c706b elementor-widget elementor-widget-heading\" data-id=\"d9c706b\" data-element_type=\"widget\" data-widget_type=\"heading.default\">\n\t\t\t\t<div class=\"elementor-widget-container\">\n\t\t\t\t\t<h2 class=\"elementor-heading-title elementor-size-default\">Litigios<\/h2>\t\t\t\t<\/div>\n\t\t\t\t<\/div>\n\t\t\t\t<div class=\"elementor-element elementor-element-a5fbdf6 elementor-widget elementor-widget-text-editor\" data-id=\"a5fbdf6\" data-element_type=\"widget\" data-widget_type=\"text-editor.default\">\n\t\t\t\t<div class=\"elementor-widget-container\">\n\t\t\t\t\t\t\t\t\t<p>Los t\u00e9rminos y condiciones del sitio web <strong data-start=\"112\" data-end=\"134\"><a class=\"cursor-pointer\" target=\"_new\" rel=\"noopener\" data-start=\"114\" data-end=\"132\">www.easytexpro.com<\/a><\/strong> se rigen por la legislaci\u00f3n francesa. Cualquier disputa o litigio que surja de la interpretaci\u00f3n o ejecuci\u00f3n de estos t\u00e9rminos estar\u00e1 bajo la jurisdicci\u00f3n exclusiva de los tribunales donde se encuentra la sede de la empresa. El idioma de referencia para la resoluci\u00f3n de cualquier conflicto es el franc\u00e9s.  <\/p>\t\t\t\t\t\t\t\t<\/div>\n\t\t\t\t<\/div>\n\t\t\t\t<div class=\"elementor-element elementor-element-76eded9 elementor-widget elementor-widget-heading\" data-id=\"76eded9\" data-element_type=\"widget\" data-widget_type=\"heading.default\">\n\t\t\t\t<div class=\"elementor-widget-container\">\n\t\t\t\t\t<h2 class=\"elementor-heading-title elementor-size-default\">Datos personales<\/h2>\t\t\t\t<\/div>\n\t\t\t\t<\/div>\n\t\t\t\t<div class=\"elementor-element elementor-element-4efdda3d elementor-widget elementor-widget-text-editor\" data-id=\"4efdda3d\" data-element_type=\"widget\" data-widget_type=\"text-editor.default\">\n\t\t\t\t<div class=\"elementor-widget-container\">\n\t\t\t\t\t\t\t\t\t<p>En general, no es obligatorio proporcionar sus datos personales al visitar nuestro sitio web <strong><a href=\"http:\/\/www.easytexpro.com\/\">www.easytexpro.com<\/a><\/strong>. Sin embargo, algunos servicios en nuestro sitio pueden requerir que facilite informaci\u00f3n espec\u00edfica, como su nombre, cargo, nombre de la empresa, direcci\u00f3n de correo electr\u00f3nico, n\u00famero de tel\u00e9fono, etc. Esto ocurre cuando completa el formulario en la secci\u00f3n de <strong>Contacto<\/strong> o realiza una solicitud relacionada con nuestros productos o servicios.  <\/p><p>Usted puede optar por no proporcionar sus datos personales. Sin embargo, hacerlo puede limitar su acceso a ciertas funcionalidades del sitio, como solicitar informaci\u00f3n sobre nuestra empresa o recibir boletines informativos. <\/p><p>Adem\u00e1s, podemos recopilar autom\u00e1ticamente informaci\u00f3n espec\u00edfica sobre usted mientras navega por nuestro sitio web. Esto incluye detalles sobre las secciones que visita, los servicios a los que accede, su direcci\u00f3n IP, el tipo de navegador que utiliza y los horarios de acceso. <\/p><p>Utilizamos esta informaci\u00f3n exclusivamente con fines estad\u00edsticos internos para mejorar la calidad de los servicios que ofrecemos. Las bases de datos est\u00e1n protegidas por la legislaci\u00f3n francesa, en particular por la Ley del 1 de julio de 1998, que transpone la Directiva 96\/9 de 11 de marzo de 1996 sobre la protecci\u00f3n legal de las bases de datos. <\/p><p>Para m\u00e1s detalles, por favor consulte nuestro Aviso Legal.<\/p>\t\t\t\t\t\t\t\t<\/div>\n\t\t\t\t<\/div>\n\t\t\t\t\t<\/div>\n\t\t\t\t<\/div>\n\t\t\t\t<\/div>\n\t\t","protected":false},"excerpt":{"rendered":"<p>Aviso legal, privacidad y cookies Editor del sitio Por favor, lea atentamente el Aviso Legal y las distintas condiciones de uso de este sitio antes de navegar por sus p\u00e1ginas. Al acceder a este sitio, usted acepta dichas condiciones sin reservas. Asimismo, de conformidad con el art\u00edculo 6 de la Ley francesa n.\u00ba 2004-575 de [&hellip;]<\/p>\n","protected":false},"author":1,"featured_media":0,"parent":0,"menu_order":0,"comment_status":"closed","ping_status":"closed","template":"","meta":{"footnotes":""},"class_list":["post-1516","page","type-page","status-publish","hentry"],"yoast_head":"<!-- This site is optimized with the Yoast SEO plugin v26.8 - https:\/\/yoast.com\/product\/yoast-seo-wordpress\/ -->\n<title>Aviso legal | EasytexPro | T\u00e9rminos y Condiciones<\/title>\n<meta name=\"description\" content=\"Consulte el Aviso Legal de Easytex para obtener detalles sobre los t\u00e9rminos de uso, la protecci\u00f3n de datos y el cumplimiento legal de nuestro sitio web.\" \/>\n<meta name=\"robots\" content=\"index, follow, max-snippet:-1, max-image-preview:large, max-video-preview:-1\" \/>\n<link rel=\"canonical\" href=\"https:\/\/easytexpro.com\/es\/aviso-legal\/\" \/>\n<meta property=\"og:locale\" content=\"es_ES\" \/>\n<meta property=\"og:type\" content=\"article\" \/>\n<meta property=\"og:title\" content=\"Aviso legal | EasytexPro | T\u00e9rminos y Condiciones\" \/>\n<meta property=\"og:description\" content=\"Consulte el Aviso Legal de Easytex para obtener detalles sobre los t\u00e9rminos de uso, la protecci\u00f3n de datos y el cumplimiento legal de nuestro sitio web.\" \/>\n<meta property=\"og:url\" content=\"https:\/\/easytexpro.com\/es\/aviso-legal\/\" \/>\n<meta property=\"og:site_name\" content=\"Easytex Pro\" \/>\n<meta property=\"article:modified_time\" content=\"2025-08-11T08:33:52+00:00\" \/>\n<meta name=\"twitter:card\" content=\"summary_large_image\" \/>\n<meta name=\"twitter:label1\" content=\"Tiempo de lectura\" \/>\n\t<meta name=\"twitter:data1\" content=\"6 minutos\" \/>\n<script type=\"application\/ld+json\" class=\"yoast-schema-graph\">{\"@context\":\"https:\/\/schema.org\",\"@graph\":[{\"@type\":\"WebPage\",\"@id\":\"https:\/\/easytexpro.com\/es\/aviso-legal\/\",\"url\":\"https:\/\/easytexpro.com\/es\/aviso-legal\/\",\"name\":\"Aviso legal | EasytexPro | T\u00e9rminos y Condiciones\",\"isPartOf\":{\"@id\":\"https:\/\/easytexpro.com\/es\/#website\"},\"datePublished\":\"2024-02-05T13:25:32+00:00\",\"dateModified\":\"2025-08-11T08:33:52+00:00\",\"description\":\"Consulte el Aviso Legal de Easytex para obtener detalles sobre los t\u00e9rminos de uso, la protecci\u00f3n de datos y el cumplimiento legal de nuestro sitio web.\",\"breadcrumb\":{\"@id\":\"https:\/\/easytexpro.com\/es\/aviso-legal\/#breadcrumb\"},\"inLanguage\":\"es\",\"potentialAction\":[{\"@type\":\"ReadAction\",\"target\":[\"https:\/\/easytexpro.com\/es\/aviso-legal\/\"]}]},{\"@type\":\"BreadcrumbList\",\"@id\":\"https:\/\/easytexpro.com\/es\/aviso-legal\/#breadcrumb\",\"itemListElement\":[{\"@type\":\"ListItem\",\"position\":1,\"name\":\"Accueil\",\"item\":\"https:\/\/easytexpro.com\/es\/\"},{\"@type\":\"ListItem\",\"position\":2,\"name\":\"Aviso legal\"}]},{\"@type\":\"WebSite\",\"@id\":\"https:\/\/easytexpro.com\/es\/#website\",\"url\":\"https:\/\/easytexpro.com\/es\/\",\"name\":\"Easytex Pro\",\"description\":\"Welcome Simplicity\",\"publisher\":{\"@id\":\"https:\/\/easytexpro.com\/es\/#organization\"},\"potentialAction\":[{\"@type\":\"SearchAction\",\"target\":{\"@type\":\"EntryPoint\",\"urlTemplate\":\"https:\/\/easytexpro.com\/es\/?s={search_term_string}\"},\"query-input\":{\"@type\":\"PropertyValueSpecification\",\"valueRequired\":true,\"valueName\":\"search_term_string\"}}],\"inLanguage\":\"es\"},{\"@type\":\"Organization\",\"@id\":\"https:\/\/easytexpro.com\/es\/#organization\",\"name\":\"Easytex Pro\",\"url\":\"https:\/\/easytexpro.com\/es\/\",\"logo\":{\"@type\":\"ImageObject\",\"inLanguage\":\"es\",\"@id\":\"https:\/\/easytexpro.com\/es\/#\/schema\/logo\/image\/\",\"url\":\"https:\/\/easytexpro.com\/wp-content\/uploads\/2024\/02\/logo-easytexpro.png\",\"contentUrl\":\"https:\/\/easytexpro.com\/wp-content\/uploads\/2024\/02\/logo-easytexpro.png\",\"width\":2407,\"height\":537,\"caption\":\"Easytex Pro\"},\"image\":{\"@id\":\"https:\/\/easytexpro.com\/es\/#\/schema\/logo\/image\/\"},\"sameAs\":[\"https:\/\/www.linkedin.com\/showcase\/easytex-international\/posts\/?feedView=all\"]}]}<\/script>\n<!-- \/ Yoast SEO plugin. -->","yoast_head_json":{"title":"Aviso legal | EasytexPro | T\u00e9rminos y Condiciones","description":"Consulte el Aviso Legal de Easytex para obtener detalles sobre los t\u00e9rminos de uso, la protecci\u00f3n de datos y el cumplimiento legal de nuestro sitio web.","robots":{"index":"index","follow":"follow","max-snippet":"max-snippet:-1","max-image-preview":"max-image-preview:large","max-video-preview":"max-video-preview:-1"},"canonical":"https:\/\/easytexpro.com\/es\/aviso-legal\/","og_locale":"es_ES","og_type":"article","og_title":"Aviso legal | EasytexPro | T\u00e9rminos y Condiciones","og_description":"Consulte el Aviso Legal de Easytex para obtener detalles sobre los t\u00e9rminos de uso, la protecci\u00f3n de datos y el cumplimiento legal de nuestro sitio web.","og_url":"https:\/\/easytexpro.com\/es\/aviso-legal\/","og_site_name":"Easytex Pro","article_modified_time":"2025-08-11T08:33:52+00:00","twitter_card":"summary_large_image","twitter_misc":{"Tiempo de lectura":"6 minutos"},"schema":{"@context":"https:\/\/schema.org","@graph":[{"@type":"WebPage","@id":"https:\/\/easytexpro.com\/es\/aviso-legal\/","url":"https:\/\/easytexpro.com\/es\/aviso-legal\/","name":"Aviso legal | EasytexPro | T\u00e9rminos y Condiciones","isPartOf":{"@id":"https:\/\/easytexpro.com\/es\/#website"},"datePublished":"2024-02-05T13:25:32+00:00","dateModified":"2025-08-11T08:33:52+00:00","description":"Consulte el Aviso Legal de Easytex para obtener detalles sobre los t\u00e9rminos de uso, la protecci\u00f3n de datos y el cumplimiento legal de nuestro sitio web.","breadcrumb":{"@id":"https:\/\/easytexpro.com\/es\/aviso-legal\/#breadcrumb"},"inLanguage":"es","potentialAction":[{"@type":"ReadAction","target":["https:\/\/easytexpro.com\/es\/aviso-legal\/"]}]},{"@type":"BreadcrumbList","@id":"https:\/\/easytexpro.com\/es\/aviso-legal\/#breadcrumb","itemListElement":[{"@type":"ListItem","position":1,"name":"Accueil","item":"https:\/\/easytexpro.com\/es\/"},{"@type":"ListItem","position":2,"name":"Aviso legal"}]},{"@type":"WebSite","@id":"https:\/\/easytexpro.com\/es\/#website","url":"https:\/\/easytexpro.com\/es\/","name":"Easytex Pro","description":"Welcome Simplicity","publisher":{"@id":"https:\/\/easytexpro.com\/es\/#organization"},"potentialAction":[{"@type":"SearchAction","target":{"@type":"EntryPoint","urlTemplate":"https:\/\/easytexpro.com\/es\/?s={search_term_string}"},"query-input":{"@type":"PropertyValueSpecification","valueRequired":true,"valueName":"search_term_string"}}],"inLanguage":"es"},{"@type":"Organization","@id":"https:\/\/easytexpro.com\/es\/#organization","name":"Easytex Pro","url":"https:\/\/easytexpro.com\/es\/","logo":{"@type":"ImageObject","inLanguage":"es","@id":"https:\/\/easytexpro.com\/es\/#\/schema\/logo\/image\/","url":"https:\/\/easytexpro.com\/wp-content\/uploads\/2024\/02\/logo-easytexpro.png","contentUrl":"https:\/\/easytexpro.com\/wp-content\/uploads\/2024\/02\/logo-easytexpro.png","width":2407,"height":537,"caption":"Easytex Pro"},"image":{"@id":"https:\/\/easytexpro.com\/es\/#\/schema\/logo\/image\/"},"sameAs":["https:\/\/www.linkedin.com\/showcase\/easytex-international\/posts\/?feedView=all"]}]}},"_links":{"self":[{"href":"https:\/\/easytexpro.com\/es\/wp-json\/wp\/v2\/pages\/1516","targetHints":{"allow":["GET"]}}],"collection":[{"href":"https:\/\/easytexpro.com\/es\/wp-json\/wp\/v2\/pages"}],"about":[{"href":"https:\/\/easytexpro.com\/es\/wp-json\/wp\/v2\/types\/page"}],"author":[{"embeddable":true,"href":"https:\/\/easytexpro.com\/es\/wp-json\/wp\/v2\/users\/1"}],"replies":[{"embeddable":true,"href":"https:\/\/easytexpro.com\/es\/wp-json\/wp\/v2\/comments?post=1516"}],"version-history":[{"count":3,"href":"https:\/\/easytexpro.com\/es\/wp-json\/wp\/v2\/pages\/1516\/revisions"}],"predecessor-version":[{"id":2192,"href":"https:\/\/easytexpro.com\/es\/wp-json\/wp\/v2\/pages\/1516\/revisions\/2192"}],"wp:attachment":[{"href":"https:\/\/easytexpro.com\/es\/wp-json\/wp\/v2\/media?parent=1516"}],"curies":[{"name":"wp","href":"https:\/\/api.w.org\/{rel}","templated":true}]}}