{"id":1482,"date":"2024-02-05T14:25:32","date_gmt":"2024-02-05T13:25:32","guid":{"rendered":"https:\/\/easytexpro.com\/note-legali\/"},"modified":"2025-08-27T11:05:18","modified_gmt":"2025-08-27T09:05:18","slug":"note-legali","status":"publish","type":"page","link":"https:\/\/easytexpro.com\/it\/note-legali\/","title":{"rendered":"Note legali"},"content":{"rendered":"\t\t<div data-elementor-type=\"wp-page\" data-elementor-id=\"1482\" class=\"elementor elementor-1482 elementor-3\" data-elementor-post-type=\"page\">\n\t\t\t\t<div class=\"elementor-element elementor-element-373bdb82 e-flex e-con-boxed e-con e-parent\" data-id=\"373bdb82\" data-element_type=\"container\">\n\t\t\t\t\t<div class=\"e-con-inner\">\n\t\t\t\t<div class=\"elementor-element elementor-element-169210e elementor-widget elementor-widget-heading\" data-id=\"169210e\" data-element_type=\"widget\" data-widget_type=\"heading.default\">\n\t\t\t\t<div class=\"elementor-widget-container\">\n\t\t\t\t\t<h1 class=\"elementor-heading-title elementor-size-default\">Note legali, privacy e cookie<\/h1>\t\t\t\t<\/div>\n\t\t\t\t<\/div>\n\t\t\t\t<div class=\"elementor-element elementor-element-523d625 elementor-widget elementor-widget-heading\" data-id=\"523d625\" data-element_type=\"widget\" data-widget_type=\"heading.default\">\n\t\t\t\t<div class=\"elementor-widget-container\">\n\t\t\t\t\t<h2 class=\"elementor-heading-title elementor-size-default\">Editore del sito<\/h2>\t\t\t\t<\/div>\n\t\t\t\t<\/div>\n\t\t\t\t<div class=\"elementor-element elementor-element-4a980cc elementor-widget elementor-widget-text-editor\" data-id=\"4a980cc\" data-element_type=\"widget\" data-widget_type=\"text-editor.default\">\n\t\t\t\t<div class=\"elementor-widget-container\">\n\t\t\t\t\t\t\t\t\t<p>Si prega di leggere attentamente le <strong data-start=\"158\" data-end=\"174\">Note legali<\/strong> e i vari termini e condizioni d&#8217;uso di questo sito prima di navigarne le pagine. Accedendo a questo sito, accettate senza riserve questi termini e condizioni. Inoltre, in conformit\u00e0 con l&#8217;Articolo 6 della Legge francese n. 2004-575 del 21 giugno 2004 sulla fiducia nell&#8217;economia digitale, le persone responsabili di questo sito web sono indicate nelle <strong data-start=\"534\" data-end=\"550\">Note legali<\/strong>.  <\/p>\t\t\t\t\t\t\t\t<\/div>\n\t\t\t\t<\/div>\n\t\t\t\t<div class=\"elementor-element elementor-element-62cab87 elementor-widget elementor-widget-text-editor\" data-id=\"62cab87\" data-element_type=\"widget\" data-widget_type=\"text-editor.default\">\n\t\t\t\t<div class=\"elementor-widget-container\">\n\t\t\t\t\t\t\t\t\t<p>Editore del sito <\/p>\n<p>Partita IVA: FR 21380282780<\/p>\n<p>91 rue de l\u2019\u00e9pinette, 59420 Mouvaux <\/p>\n<p>Numero di telefono: 032011 <\/p>\n<p>Email :\u202f easy-export@subrenat.com <\/p>\n<p>Website :\u202fwww.easytexpro.com <\/p>\t\t\t\t\t\t\t\t<\/div>\n\t\t\t\t<\/div>\n\t\t\t\t<div class=\"elementor-element elementor-element-a1980e7 elementor-widget elementor-widget-heading\" data-id=\"a1980e7\" data-element_type=\"widget\" data-widget_type=\"heading.default\">\n\t\t\t\t<div class=\"elementor-widget-container\">\n\t\t\t\t\t<h2 class=\"elementor-heading-title elementor-size-default\">Servizio di hosting<\/h2>\t\t\t\t<\/div>\n\t\t\t\t<\/div>\n\t\t\t\t<div class=\"elementor-element elementor-element-6579b97 elementor-widget elementor-widget-text-editor\" data-id=\"6579b97\" data-element_type=\"widget\" data-widget_type=\"text-editor.default\">\n\t\t\t\t<div class=\"elementor-widget-container\">\n\t\t\t\t\t\t\t\t\t<p>Societ\u00e0 di hosting: OVH <\/p><p>Sede legale: 2 rue Kellermann, 59100 Roubaix \u2013 FRANCIA <\/p><p>Abbiamo riservato il nome a dominio in conformit\u00e0 alle disposizioni legali vigenti.<\/p>\t\t\t\t\t\t\t\t<\/div>\n\t\t\t\t<\/div>\n\t\t\t\t<div class=\"elementor-element elementor-element-eb6d818 elementor-widget elementor-widget-heading\" data-id=\"eb6d818\" data-element_type=\"widget\" data-widget_type=\"heading.default\">\n\t\t\t\t<div class=\"elementor-widget-container\">\n\t\t\t\t\t<h2 class=\"elementor-heading-title elementor-size-default\">Sviluppo<\/h2>\t\t\t\t<\/div>\n\t\t\t\t<\/div>\n\t\t\t\t<div class=\"elementor-element elementor-element-97f8a23 elementor-widget elementor-widget-text-editor\" data-id=\"97f8a23\" data-element_type=\"widget\" data-widget_type=\"text-editor.default\">\n\t\t\t\t<div class=\"elementor-widget-container\">\n\t\t\t\t\t\t\t\t\t<p>Sviluppo: Marie Fauquembergue (Artiboun)<\/p>\n<p>Indirizzo: artiboun.design@gmail.com<\/p>\t\t\t\t\t\t\t\t<\/div>\n\t\t\t\t<\/div>\n\t\t\t\t<div class=\"elementor-element elementor-element-26cbf57 elementor-widget elementor-widget-heading\" data-id=\"26cbf57\" data-element_type=\"widget\" data-widget_type=\"heading.default\">\n\t\t\t\t<div class=\"elementor-widget-container\">\n\t\t\t\t\t<h2 class=\"elementor-heading-title elementor-size-default\">Termini e condizioni d'uso<\/h2>\t\t\t\t<\/div>\n\t\t\t\t<\/div>\n\t\t\t\t<div class=\"elementor-element elementor-element-92bd85c elementor-widget elementor-widget-text-editor\" data-id=\"92bd85c\" data-element_type=\"widget\" data-widget_type=\"text-editor.default\">\n\t\t\t\t<div class=\"elementor-widget-container\">\n\t\t\t\t\t\t\t\t\t<p>Il sito <strong><a href=\"http:\/\/www.easytexpro.com\/\">www.easytexpro.com<\/a><\/strong> \u00e8 disponibile in pi\u00f9 linguaggi web (HTML, HTML5, CSS, ecc.) per migliorare il comfort dell&#8217;utente e offrire un design grafico pi\u00f9 piacevole. Per la migliore esperienza di navigazione, consigliamo di utilizzare browser moderni come Firefox, Google Chrome, ecc. <\/p><p>SUBRENAT si impegna a garantire la correttezza e l\u2019aggiornamento regolare delle informazioni sui propri siti web. Tuttavia, possono verificarsi errori o omissioni. Gli utenti dovrebbero verificare le informazioni con SUBRENAT e segnalare eventuali modifiche necessarie. Questi dettagli sono inoltre soggetti alle <strong>Note legali<\/strong> del sito. SUBRENAT non \u00e8 responsabile dell\u2019uso di queste informazioni n\u00e9 di eventuali conseguenze dirette o indirette derivanti da esse.    <\/p>\t\t\t\t\t\t\t\t<\/div>\n\t\t\t\t<\/div>\n\t\t\t\t<div class=\"elementor-element elementor-element-7cfd6ad elementor-widget elementor-widget-heading\" data-id=\"7cfd6ad\" data-element_type=\"widget\" data-widget_type=\"heading.default\">\n\t\t\t\t<div class=\"elementor-widget-container\">\n\t\t\t\t\t<h2 class=\"elementor-heading-title elementor-size-default\">Cookie<\/h2>\t\t\t\t<\/div>\n\t\t\t\t<\/div>\n\t\t\t\t<div class=\"elementor-element elementor-element-24ae508 elementor-widget elementor-widget-text-editor\" data-id=\"24ae508\" data-element_type=\"widget\" data-widget_type=\"text-editor.default\">\n\t\t\t\t<div class=\"elementor-widget-container\">\n\t\t\t\t\t\t\t\t\t<p>Il sito www.easytexpro.com pu\u00f2 chiederti di accettare i cookie per fini statistici e di visualizzazione. Un cookie \u00e8 un&#8217;informazione salvata sul disco rigido dal server del sito che stai visitando. Contiene diversi dati che vengono memorizzati sul tuo computer in un semplice file di testo, al quale un server accede per leggere e registrare informazioni. Alcune parti di questo sito potrebbero non funzionare correttamente senza l&#8217;accettazione dei cookie.   <\/p>\t\t\t\t\t\t\t\t<\/div>\n\t\t\t\t<\/div>\n\t\t\t\t<div class=\"elementor-element elementor-element-e2699b2 elementor-widget elementor-widget-heading\" data-id=\"e2699b2\" data-element_type=\"widget\" data-widget_type=\"heading.default\">\n\t\t\t\t<div class=\"elementor-widget-container\">\n\t\t\t\t\t<h2 class=\"elementor-heading-title elementor-size-default\">Link ipertestuali<\/h2>\t\t\t\t<\/div>\n\t\t\t\t<\/div>\n\t\t\t\t<div class=\"elementor-element elementor-element-a9786e0 elementor-widget elementor-widget-text-editor\" data-id=\"a9786e0\" data-element_type=\"widget\" data-widget_type=\"text-editor.default\">\n\t\t\t\t<div class=\"elementor-widget-container\">\n\t\t\t\t\t\t\t\t\t<p>Il sito www.easytexpro.com, cos\u00ec come i siti affiliati alle diverse attivit\u00e0 (www.subrenat.com, www.easytexshop.com), possono contenere link verso altri siti web o risorse disponibili su Internet. SUBRENAT non ha alcun mezzo per controllare i siti collegati a questi siti web. SUBRENAT non \u00e8 responsabile n\u00e9 garantisce la disponibilit\u00e0 di tali siti e risorse esterne. Non pu\u00f2 essere ritenuta responsabile per eventuali danni, di qualsiasi natura, derivanti dal contenuto di tali siti o risorse esterne, in particolare per le informazioni, i prodotti o i servizi da essi offerti, n\u00e9 per qualsiasi utilizzo che possa esserne fatto. I rischi connessi a tale utilizzo ricadono interamente sull\u2019utente, che \u00e8 tenuto a rispettare le condizioni d\u2019uso dei siti in questione.     <\/p><p>Gli utenti, gli abbonati e i visitatori dei siti web non possono creare un collegamento ipertestuale verso questo sito senza l\u2019autorizzazione espressa e preventiva di SUBRENAT. Nel caso in cui un utente o un visitatore desideri creare un collegamento ipertestuale verso uno dei siti di SUBRENAT, sar\u00e0 sua responsabilit\u00e0 inviare una richiesta via email, tramite l\u2019indirizzo accessibile sul sito, per formulare la propria domanda. SUBRENAT si riserva il diritto di accettare o rifiutare un collegamento ipertestuale senza doverne motivare la decisione.  <\/p>\t\t\t\t\t\t\t\t<\/div>\n\t\t\t\t<\/div>\n\t\t\t\t<div class=\"elementor-element elementor-element-9bbc80a elementor-widget elementor-widget-heading\" data-id=\"9bbc80a\" data-element_type=\"widget\" data-widget_type=\"heading.default\">\n\t\t\t\t<div class=\"elementor-widget-container\">\n\t\t\t\t\t<h2 class=\"elementor-heading-title elementor-size-default\">Servizi forniti<\/h2>\t\t\t\t<\/div>\n\t\t\t\t<\/div>\n\t\t\t\t<div class=\"elementor-element elementor-element-e062b9d elementor-widget elementor-widget-text-editor\" data-id=\"e062b9d\" data-element_type=\"widget\" data-widget_type=\"text-editor.default\">\n\t\t\t\t<div class=\"elementor-widget-container\">\n\t\t\t\t\t\t\t\t\t<p> <\/p><p>Tutte le attivit\u00e0 e le informazioni dell\u2019azienda sono disponibili sul nostro sito web, <strong><a href=\"http:\/\/www.easytexpro.com\/\">www.easytexpro.com<\/a><\/strong>.<\/p><p><strong>SUBRENAT<\/strong> si impegna a fornire informazioni accurate sul sito <strong><a href=\"http:\/\/www.easytexpro.com\/\">www.easytexpro.com<\/a><\/strong>. Tuttavia, le informazioni non sono esaustive e le fotografie non hanno valore contrattuale. Possono essere soggette a modifiche successive alla loro pubblicazione. Inoltre, tutte le informazioni presenti sul sito hanno esclusivamente scopo informativo e possono essere modificate senza preavviso.   <\/p>\t\t\t\t\t\t\t\t<\/div>\n\t\t\t\t<\/div>\n\t\t\t\t<div class=\"elementor-element elementor-element-acde93c elementor-widget elementor-widget-heading\" data-id=\"acde93c\" data-element_type=\"widget\" data-widget_type=\"heading.default\">\n\t\t\t\t<div class=\"elementor-widget-container\">\n\t\t\t\t\t<h2 class=\"elementor-heading-title elementor-size-default\">Limitazioni contrattuali sui dati<\/h2>\t\t\t\t<\/div>\n\t\t\t\t<\/div>\n\t\t\t\t<div class=\"elementor-element elementor-element-2bc8639 elementor-widget elementor-widget-text-editor\" data-id=\"2bc8639\" data-element_type=\"widget\" data-widget_type=\"text-editor.default\">\n\t\t\t\t<div class=\"elementor-widget-container\">\n\t\t\t\t\t\t\t\t\t<p>Le informazioni presenti su questo sito sono il pi\u00f9 accurate possibile e il sito viene aggiornato in diversi momenti dell\u2019anno, ma pu\u00f2 contenere inesattezze o omissioni. Se noti una lacuna, un errore o un malfunzionamento, ti preghiamo di segnalarlo via email all\u2019indirizzo easy-export@subrenat.com, descrivendo il problema nel modo pi\u00f9 preciso possibile (pagina interessata, tipo di computer e browser utilizzato, ecc.). <\/p>\t\t\t\t\t\t\t\t<\/div>\n\t\t\t\t<\/div>\n\t\t\t\t<div class=\"elementor-element elementor-element-a3738f3 elementor-widget elementor-widget-heading\" data-id=\"a3738f3\" data-element_type=\"widget\" data-widget_type=\"heading.default\">\n\t\t\t\t<div class=\"elementor-widget-container\">\n\t\t\t\t\t<h2 class=\"elementor-heading-title elementor-size-default\">Propriet\u00e0 intellettuale<\/h2>\t\t\t\t<\/div>\n\t\t\t\t<\/div>\n\t\t\t\t<div class=\"elementor-element elementor-element-6332cf8 elementor-widget elementor-widget-text-editor\" data-id=\"6332cf8\" data-element_type=\"widget\" data-widget_type=\"text-editor.default\">\n\t\t\t\t<div class=\"elementor-widget-container\">\n\t\t\t\t\t\t\t\t\t<p> <\/p><p>Tutti i contenuti presenti sul sito <strong><a href=\"http:\/\/www.easytexpro.com\/\">www.easytexpro.com<\/a><\/strong>, inclusi, ma non limitati a grafica, immagini, testi, video, animazioni, suoni, loghi, GIF, icone e formattazioni, sono di esclusiva propriet\u00e0 dell\u2019azienda. Sono esclusi marchi, loghi e contenuti appartenenti a societ\u00e0 partner o autori. <\/p><p>Alcune immagini e vettori provengono dal sito di risorse grafiche <strong><a href=\"http:\/\/www.thenounproject.com\/\">www.thenounproject.com<\/a><\/strong>.<\/p><p>La riproduzione, distribuzione, modifica, adattamento, trasmissione o pubblicazione, anche parziale, di questi elementi \u00e8 severamente vietata senza il consenso scritto espresso di <strong>SUBRENAT<\/strong>. Qualsiasi uso non autorizzato costituisce una violazione punibile ai sensi degli articoli L.335-2 del Codice della Propriet\u00e0 Intellettuale francese. La non conformit\u00e0 pu\u00f2 comportare responsabilit\u00e0 sia civile che penale. I proprietari dei contenuti possono inoltre intraprendere azioni legali.   <\/p><p>Qualsiasi contenuto scaricato avviene a rischio e responsabilit\u00e0 dell\u2019utente. <strong>SUBRENAT<\/strong> non \u00e8 responsabile per eventuali danni al computer dell\u2019utente o per la perdita di dati derivante dai download. L\u2019utente si impegna ad accedere al sito utilizzando apparecchiature aggiornate, prive di virus e un browser moderno e sicuro. <\/p><p><strong>SUBRENAT<\/strong> is not responsible for any hypertext links on this site leading to other resources on the internet.<\/p>\t\t\t\t\t\t\t\t<\/div>\n\t\t\t\t<\/div>\n\t\t\t\t<div class=\"elementor-element elementor-element-d9c706b elementor-widget elementor-widget-heading\" data-id=\"d9c706b\" data-element_type=\"widget\" data-widget_type=\"heading.default\">\n\t\t\t\t<div class=\"elementor-widget-container\">\n\t\t\t\t\t<h2 class=\"elementor-heading-title elementor-size-default\">Controversie<\/h2>\t\t\t\t<\/div>\n\t\t\t\t<\/div>\n\t\t\t\t<div class=\"elementor-element elementor-element-a5fbdf6 elementor-widget elementor-widget-text-editor\" data-id=\"a5fbdf6\" data-element_type=\"widget\" data-widget_type=\"text-editor.default\">\n\t\t\t\t<div class=\"elementor-widget-container\">\n\t\t\t\t\t\t\t\t\t<p>I termini e le condizioni del sito <strong data-start=\"112\" data-end=\"134\"><a class=\"cursor-pointer\" target=\"_new\" rel=\"noopener\" data-start=\"114\" data-end=\"132\">www.easytexpro.com<\/a><\/strong> sono regolati dalla legge francese. Qualsiasi controversia derivante dall\u2019interpretazione o dall\u2019esecuzione di tali termini sar\u00e0 di esclusiva competenza dei tribunali presso la sede legale dell\u2019azienda. La lingua di riferimento per la risoluzione di eventuali controversie \u00e8 il francese.  <\/p>\t\t\t\t\t\t\t\t<\/div>\n\t\t\t\t<\/div>\n\t\t\t\t<div class=\"elementor-element elementor-element-76eded9 elementor-widget elementor-widget-heading\" data-id=\"76eded9\" data-element_type=\"widget\" data-widget_type=\"heading.default\">\n\t\t\t\t<div class=\"elementor-widget-container\">\n\t\t\t\t\t<h2 class=\"elementor-heading-title elementor-size-default\">Dati personali<\/h2>\t\t\t\t<\/div>\n\t\t\t\t<\/div>\n\t\t\t\t<div class=\"elementor-element elementor-element-4efdda3d elementor-widget elementor-widget-text-editor\" data-id=\"4efdda3d\" data-element_type=\"widget\" data-widget_type=\"text-editor.default\">\n\t\t\t\t<div class=\"elementor-widget-container\">\n\t\t\t\t\t\t\t\t\t<p>In generale, non \u00e8 obbligatorio fornire i propri dati personali durante la visita al nostro sito <strong><a href=\"http:\/\/www.easytexpro.com\/\">www.easytexpro.com<\/a><\/strong>. Tuttavia, alcuni servizi presenti sul nostro sito possono richiedere l\u2019inserimento di informazioni specifiche, come nome, ruolo, ragione sociale, indirizzo e-mail, numero di telefono, ecc. Ci\u00f2 avviene quando si compila il modulo nella sezione <strong>Contatti<\/strong> o si effettua una richiesta relativa ai nostri prodotti o servizi.  <\/p><p>\u00c8 possibile scegliere di non fornire i propri dati personali. Tuttavia, ci\u00f2 potrebbe limitare l\u2019accesso ad alcune funzionalit\u00e0 del sito, come la richiesta di informazioni sulla nostra azienda o la ricezione di newsletter. <\/p><p>Inoltre, potremmo raccogliere automaticamente alcune informazioni su di voi durante la navigazione sul nostro sito web. Ci\u00f2 include dettagli sulle aree visitate, i servizi utilizzati, il vostro indirizzo IP, il tipo di browser utilizzato e gli orari di accesso. <\/p><p>Utilizziamo queste informazioni esclusivamente per scopi statistici interni, al fine di migliorare la qualit\u00e0 dei servizi offerti. Le banche dati sono protette dalla legge francese, in particolare dalla Legge del 1\u00b0 luglio 1998, che recepisce la Direttiva 96\/9 dell\u201911 marzo 1996 sulla protezione giuridica delle banche dati. <\/p><p>Per ulteriori dettagli, si prega di fare riferimento alle nostre Note legali.<\/p>\t\t\t\t\t\t\t\t<\/div>\n\t\t\t\t<\/div>\n\t\t\t\t\t<\/div>\n\t\t\t\t<\/div>\n\t\t\t\t<\/div>\n\t\t","protected":false},"excerpt":{"rendered":"<p>Note legali, privacy e cookie Editore del sito Si prega di leggere attentamente le Note legali e i vari termini e condizioni d&#8217;uso di questo sito prima di navigarne le pagine. Accedendo a questo sito, accettate senza riserve questi termini e condizioni. Inoltre, in conformit\u00e0 con l&#8217;Articolo 6 della Legge francese n. 2004-575 del 21 [&hellip;]<\/p>\n","protected":false},"author":1,"featured_media":0,"parent":0,"menu_order":0,"comment_status":"closed","ping_status":"closed","template":"","meta":{"footnotes":""},"class_list":["post-1482","page","type-page","status-publish","hentry"],"yoast_head":"<!-- This site is optimized with the Yoast SEO plugin v26.8 - https:\/\/yoast.com\/product\/yoast-seo-wordpress\/ -->\n<title>Note legali | EasytexPro | Termini e condizioni<\/title>\n<meta name=\"description\" content=\"Leggete le Note legali di Easytex per dettagli sui termini di utilizzo, sulla protezione dei dati e sulla conformit\u00e0 legale del nostro sito web.\" \/>\n<meta name=\"robots\" content=\"index, follow, max-snippet:-1, max-image-preview:large, max-video-preview:-1\" \/>\n<link rel=\"canonical\" href=\"https:\/\/easytexpro.com\/it\/note-legali\/\" \/>\n<meta property=\"og:locale\" content=\"it_IT\" \/>\n<meta property=\"og:type\" content=\"article\" \/>\n<meta property=\"og:title\" content=\"Note legali | EasytexPro | Termini e condizioni\" \/>\n<meta property=\"og:description\" content=\"Leggete le Note legali di Easytex per dettagli sui termini di utilizzo, sulla protezione dei dati e sulla conformit\u00e0 legale del nostro sito web.\" \/>\n<meta property=\"og:url\" content=\"https:\/\/easytexpro.com\/it\/note-legali\/\" \/>\n<meta property=\"og:site_name\" content=\"Easytex Pro\" \/>\n<meta property=\"article:modified_time\" content=\"2025-08-27T09:05:18+00:00\" \/>\n<meta name=\"twitter:card\" content=\"summary_large_image\" \/>\n<meta name=\"twitter:label1\" content=\"Tempo di lettura stimato\" \/>\n\t<meta name=\"twitter:data1\" content=\"7 minuti\" \/>\n<script type=\"application\/ld+json\" class=\"yoast-schema-graph\">{\"@context\":\"https:\/\/schema.org\",\"@graph\":[{\"@type\":\"WebPage\",\"@id\":\"https:\/\/easytexpro.com\/it\/note-legali\/\",\"url\":\"https:\/\/easytexpro.com\/it\/note-legali\/\",\"name\":\"Note legali | EasytexPro | Termini e condizioni\",\"isPartOf\":{\"@id\":\"https:\/\/easytexpro.com\/it\/#website\"},\"datePublished\":\"2024-02-05T13:25:32+00:00\",\"dateModified\":\"2025-08-27T09:05:18+00:00\",\"description\":\"Leggete le Note legali di Easytex per dettagli sui termini di utilizzo, sulla protezione dei dati e sulla conformit\u00e0 legale del nostro sito web.\",\"breadcrumb\":{\"@id\":\"https:\/\/easytexpro.com\/it\/note-legali\/#breadcrumb\"},\"inLanguage\":\"it-IT\",\"potentialAction\":[{\"@type\":\"ReadAction\",\"target\":[\"https:\/\/easytexpro.com\/it\/note-legali\/\"]}]},{\"@type\":\"BreadcrumbList\",\"@id\":\"https:\/\/easytexpro.com\/it\/note-legali\/#breadcrumb\",\"itemListElement\":[{\"@type\":\"ListItem\",\"position\":1,\"name\":\"Accueil\",\"item\":\"https:\/\/easytexpro.com\/it\/\"},{\"@type\":\"ListItem\",\"position\":2,\"name\":\"Note legali\"}]},{\"@type\":\"WebSite\",\"@id\":\"https:\/\/easytexpro.com\/it\/#website\",\"url\":\"https:\/\/easytexpro.com\/it\/\",\"name\":\"Easytex Pro\",\"description\":\"Welcome Simplicity\",\"publisher\":{\"@id\":\"https:\/\/easytexpro.com\/it\/#organization\"},\"potentialAction\":[{\"@type\":\"SearchAction\",\"target\":{\"@type\":\"EntryPoint\",\"urlTemplate\":\"https:\/\/easytexpro.com\/it\/?s={search_term_string}\"},\"query-input\":{\"@type\":\"PropertyValueSpecification\",\"valueRequired\":true,\"valueName\":\"search_term_string\"}}],\"inLanguage\":\"it-IT\"},{\"@type\":\"Organization\",\"@id\":\"https:\/\/easytexpro.com\/it\/#organization\",\"name\":\"Easytex Pro\",\"url\":\"https:\/\/easytexpro.com\/it\/\",\"logo\":{\"@type\":\"ImageObject\",\"inLanguage\":\"it-IT\",\"@id\":\"https:\/\/easytexpro.com\/it\/#\/schema\/logo\/image\/\",\"url\":\"https:\/\/easytexpro.com\/wp-content\/uploads\/2024\/02\/logo-easytexpro.png\",\"contentUrl\":\"https:\/\/easytexpro.com\/wp-content\/uploads\/2024\/02\/logo-easytexpro.png\",\"width\":2407,\"height\":537,\"caption\":\"Easytex Pro\"},\"image\":{\"@id\":\"https:\/\/easytexpro.com\/it\/#\/schema\/logo\/image\/\"},\"sameAs\":[\"https:\/\/www.linkedin.com\/showcase\/easytex-international\/posts\/?feedView=all\"]}]}<\/script>\n<!-- \/ Yoast SEO plugin. -->","yoast_head_json":{"title":"Note legali | EasytexPro | Termini e condizioni","description":"Leggete le Note legali di Easytex per dettagli sui termini di utilizzo, sulla protezione dei dati e sulla conformit\u00e0 legale del nostro sito web.","robots":{"index":"index","follow":"follow","max-snippet":"max-snippet:-1","max-image-preview":"max-image-preview:large","max-video-preview":"max-video-preview:-1"},"canonical":"https:\/\/easytexpro.com\/it\/note-legali\/","og_locale":"it_IT","og_type":"article","og_title":"Note legali | EasytexPro | Termini e condizioni","og_description":"Leggete le Note legali di Easytex per dettagli sui termini di utilizzo, sulla protezione dei dati e sulla conformit\u00e0 legale del nostro sito web.","og_url":"https:\/\/easytexpro.com\/it\/note-legali\/","og_site_name":"Easytex Pro","article_modified_time":"2025-08-27T09:05:18+00:00","twitter_card":"summary_large_image","twitter_misc":{"Tempo di lettura stimato":"7 minuti"},"schema":{"@context":"https:\/\/schema.org","@graph":[{"@type":"WebPage","@id":"https:\/\/easytexpro.com\/it\/note-legali\/","url":"https:\/\/easytexpro.com\/it\/note-legali\/","name":"Note legali | EasytexPro | Termini e condizioni","isPartOf":{"@id":"https:\/\/easytexpro.com\/it\/#website"},"datePublished":"2024-02-05T13:25:32+00:00","dateModified":"2025-08-27T09:05:18+00:00","description":"Leggete le Note legali di Easytex per dettagli sui termini di utilizzo, sulla protezione dei dati e sulla conformit\u00e0 legale del nostro sito web.","breadcrumb":{"@id":"https:\/\/easytexpro.com\/it\/note-legali\/#breadcrumb"},"inLanguage":"it-IT","potentialAction":[{"@type":"ReadAction","target":["https:\/\/easytexpro.com\/it\/note-legali\/"]}]},{"@type":"BreadcrumbList","@id":"https:\/\/easytexpro.com\/it\/note-legali\/#breadcrumb","itemListElement":[{"@type":"ListItem","position":1,"name":"Accueil","item":"https:\/\/easytexpro.com\/it\/"},{"@type":"ListItem","position":2,"name":"Note legali"}]},{"@type":"WebSite","@id":"https:\/\/easytexpro.com\/it\/#website","url":"https:\/\/easytexpro.com\/it\/","name":"Easytex Pro","description":"Welcome Simplicity","publisher":{"@id":"https:\/\/easytexpro.com\/it\/#organization"},"potentialAction":[{"@type":"SearchAction","target":{"@type":"EntryPoint","urlTemplate":"https:\/\/easytexpro.com\/it\/?s={search_term_string}"},"query-input":{"@type":"PropertyValueSpecification","valueRequired":true,"valueName":"search_term_string"}}],"inLanguage":"it-IT"},{"@type":"Organization","@id":"https:\/\/easytexpro.com\/it\/#organization","name":"Easytex Pro","url":"https:\/\/easytexpro.com\/it\/","logo":{"@type":"ImageObject","inLanguage":"it-IT","@id":"https:\/\/easytexpro.com\/it\/#\/schema\/logo\/image\/","url":"https:\/\/easytexpro.com\/wp-content\/uploads\/2024\/02\/logo-easytexpro.png","contentUrl":"https:\/\/easytexpro.com\/wp-content\/uploads\/2024\/02\/logo-easytexpro.png","width":2407,"height":537,"caption":"Easytex Pro"},"image":{"@id":"https:\/\/easytexpro.com\/it\/#\/schema\/logo\/image\/"},"sameAs":["https:\/\/www.linkedin.com\/showcase\/easytex-international\/posts\/?feedView=all"]}]}},"_links":{"self":[{"href":"https:\/\/easytexpro.com\/it\/wp-json\/wp\/v2\/pages\/1482","targetHints":{"allow":["GET"]}}],"collection":[{"href":"https:\/\/easytexpro.com\/it\/wp-json\/wp\/v2\/pages"}],"about":[{"href":"https:\/\/easytexpro.com\/it\/wp-json\/wp\/v2\/types\/page"}],"author":[{"embeddable":true,"href":"https:\/\/easytexpro.com\/it\/wp-json\/wp\/v2\/users\/1"}],"replies":[{"embeddable":true,"href":"https:\/\/easytexpro.com\/it\/wp-json\/wp\/v2\/comments?post=1482"}],"version-history":[{"count":30,"href":"https:\/\/easytexpro.com\/it\/wp-json\/wp\/v2\/pages\/1482\/revisions"}],"predecessor-version":[{"id":2314,"href":"https:\/\/easytexpro.com\/it\/wp-json\/wp\/v2\/pages\/1482\/revisions\/2314"}],"wp:attachment":[{"href":"https:\/\/easytexpro.com\/it\/wp-json\/wp\/v2\/media?parent=1482"}],"curies":[{"name":"wp","href":"https:\/\/api.w.org\/{rel}","templated":true}]}}